{"id":2058,"date":"2020-06-25T21:19:11","date_gmt":"2020-06-26T00:19:11","guid":{"rendered":"https:\/\/pepm-sal.infd.edu.ar\/sitio\/?page_id=2058"},"modified":"2020-07-28T15:28:33","modified_gmt":"2020-07-28T18:28:33","slug":"material-anexo","status":"publish","type":"page","link":"https:\/\/pepm-sal.infd.edu.ar\/sitio\/material-anexo\/","title":{"rendered":"Cartillas de examen integrador Agosto \/2020"},"content":{"rendered":"<p>&nbsp;<\/p>\n<table>\n<tbody>\n<tr>\n<th>Curso<\/th>\n<th>Profe<\/th>\n<th>Materia<\/th>\n<th>Documento<\/th>\n<\/tr>\n<tr>\n<td>1\u00ba<\/td>\n<td>Prof. Maria Laura<\/td>\n<td>Pedagog\u00eda<\/p>\n<p>&nbsp;<\/td>\n<th><a href=\"https:\/\/pepm-sal.infd.edu.ar\/sitio\/wp-content\/uploads\/2020\/07\/2020-CARTILLA-DE-PEDAGOG\u00cdA-ROSARIO-DE-LERMA.docx\">2020-CARTILLA DE PEDAGOG\u00cdA -ROSARIO DE LERMA<\/a><\/th>\n<\/tr>\n<tr>\n<td>1\u00ba<\/td>\n<td>Prof. Ariel Mu\u00f1oz<\/td>\n<td>Did\u00e1ctica General<\/td>\n<th><\/th>\n<\/tr>\n<tr>\n<td>1\u00ba<\/td>\n<td><\/td>\n<td>Psicolog\u00eda Educacional<\/td>\n<th><\/th>\n<\/tr>\n<tr>\n<td>1\u00ba<\/td>\n<td><\/td>\n<td>Taller de Lectura y Escritura Acad\u00e9mica<\/td>\n<th><\/th>\n<\/tr>\n<tr>\n<td>1\u00ba<\/td>\n<td><\/td>\n<td>Anatom\u00eda Funcional<\/td>\n<th><\/th>\n<\/tr>\n<tr>\n<td>1\u00ba<\/td>\n<td>zelaya<\/td>\n<td>Pract. Deportivas I: H\u00e1ndbol y su Ense\u00f1anza<\/td>\n<th><a href=\"https:\/\/pepm-sal.infd.edu.ar\/sitio\/wp-content\/uploads\/2020\/06\/GRILLA-DE-REQUERIMIENTOS-F\u00cdSICO.docx\">GRILLA DE REQUERIMIENTOS F\u00cdSICO<\/a><\/p>\n<p><a href=\"https:\/\/pepm-sal.infd.edu.ar\/sitio\/wp-content\/uploads\/2020\/06\/Handball-Teor\u00eda-tecnica-tactica-y-estrategia.docx\">Handball Teor\u00eda tecnica tactica y estrategia<\/a><\/p>\n<p><a href=\"https:\/\/pepm-sal.infd.edu.ar\/sitio\/wp-content\/uploads\/2020\/06\/Reglas-de-Juego-handbal-actualizadas.docx\">Reglas de Juego handbal actualizadas<\/a><\/p>\n<p><a href=\"https:\/\/pepm-sal.infd.edu.ar\/sitio\/wp-content\/uploads\/2020\/06\/Tactica-y-estrategia.pdf\">Tactica y estrategia<\/a><\/th>\n<\/tr>\n<tr>\n<td>1\u00ba<\/td>\n<td><\/td>\n<td>Desarrollo y Aprendizaje Motriz<\/td>\n<th><\/th>\n<\/tr>\n<tr>\n<td>1\u00ba<\/td>\n<td><\/td>\n<td>Pract Gimnasticas I: Gimnasia Formativa, Expresiva y<\/td>\n<th><\/th>\n<\/tr>\n<tr>\n<td>1\u00ba<\/td>\n<td><\/td>\n<td>Pract. Deportivas II: Futbol y su Ense\u00f1anza<\/td>\n<th><\/th>\n<\/tr>\n<tr>\n<td>1\u00ba<\/td>\n<td>Prof. Sergio Arcienaga<\/td>\n<td>Recreaci\u00f3n, Sujeto y Contexto<\/td>\n<th><\/th>\n<\/tr>\n<tr>\n<td>1\u00ba<\/td>\n<td><\/td>\n<td>Pract. Docente I: Contexto, Comunidad y Escuela<\/td>\n<th><\/th>\n<\/tr>\n<tr>\n<td>2\u00ba<\/td>\n<td><\/td>\n<td>Sociolog\u00eda de la Educaci\u00f3n<\/p>\n<p>PROGRAMA DE LA MATERIA<\/td>\n<th><\/th>\n<\/tr>\n<tr>\n<td>2\u00ba<\/td>\n<td><\/td>\n<td>Historia Argentina y Latinoamericana<\/td>\n<th><\/th>\n<\/tr>\n<tr>\n<td>2\u00ba<\/td>\n<td><\/td>\n<td>Tecnolog\u00eda de la Informaci\u00f3n Y la Comunicaci\u00f3n (Tic)<\/td>\n<th><\/th>\n<\/tr>\n<tr>\n<td>2\u00ba<\/td>\n<td><\/td>\n<td>Fisiolog\u00eda Aplicada a La Educaci\u00f3n F\u00edsica<\/td>\n<th><\/th>\n<\/tr>\n<tr>\n<td>2\u00ba<\/td>\n<td><\/td>\n<td>Pract. Deportivas III: Basquetbol y su Ense\u00f1anza<\/td>\n<th><\/th>\n<\/tr>\n<tr>\n<td>2\u00ba<\/td>\n<td><\/td>\n<td>Didact. Especial de la Educ. F\u00edsica en el Ni y Nivel Primario<\/td>\n<th><\/th>\n<\/tr>\n<tr>\n<td>2\u00ba<\/td>\n<td><\/td>\n<td>Pract. Gimnasticas II: La Gimnasia Art\u00edstica, R\u00edtmica y<\/td>\n<th><\/th>\n<\/tr>\n<tr>\n<td>&nbsp;<\/p>\n<p>&nbsp;<\/p>\n<p>2\u00ba<\/td>\n<td><\/td>\n<td>Pract. Deportivas IV: El Atletismo y su Ense\u00f1anza<\/td>\n<th><\/th>\n<\/tr>\n<tr>\n<td>2\u00ba<\/td>\n<td><\/td>\n<td>Pract. Motrices Acu\u00e1ticas: La Nataci\u00f3n y su<\/td>\n<th><\/th>\n<\/tr>\n<tr>\n<td>2\u00ba<\/td>\n<td>Pro Maria Laura<\/td>\n<td>Pract. Docente II: Gesti\u00f3n Institucional, Curriculum y<\/td>\n<th><a href=\"https:\/\/pepm-sal.infd.edu.ar\/sitio\/wp-content\/uploads\/2020\/06\/Actividad-para-la-Clase-2_Taller-Curric_EdF\u00edsica.pdf\">Actividad para la Clase 2_Taller Curric_EdF\u00edsica<\/a><\/p>\n<p><a href=\"https:\/\/pepm-sal.infd.edu.ar\/sitio\/wp-content\/uploads\/2020\/06\/Clase-1_Taller-Curriculum-y-Org.-Escolares_6026.pdf\">Clase 1_Taller Curriculum y Org. Escolares_6026<\/a><\/p>\n<p><a href=\"https:\/\/pepm-sal.infd.edu.ar\/sitio\/wp-content\/uploads\/2020\/06\/Clase-3_6026_Taller-Curriculum-y-Org-Escolares.pdf\">Clase 3_6026_Taller Curriculum y Org Escolares<\/a><\/p>\n<p><a href=\"https:\/\/pepm-sal.infd.edu.ar\/sitio\/wp-content\/uploads\/2020\/06\/Clase-4_6026_Taller-Currciculum_Prof-Barrionuevo.pdf\">Clase 4_6026_Taller Currciculum_Prof Barrionuevo<\/a><\/p>\n<p><a href=\"https:\/\/pepm-sal.infd.edu.ar\/sitio\/wp-content\/uploads\/2020\/06\/Clase2-Taller-Curriculum_EducacFisica_6026.docx.pdf\">Clase2 Taller Curriculum_EducacFisica_6026.docx<\/a><\/p>\n<p><a href=\"https:\/\/pepm-sal.infd.edu.ar\/sitio\/wp-content\/uploads\/2020\/06\/Material-de-lectura-Clase-3_ALBA-Alicia-Curriculum-crisis-mito-y-perspectiva-CAp-III.pdf\">Material de lectura Clase 3_ALBA Alicia Curriculum crisis mito y perspectiva CAp III<\/a><\/p>\n<p><a href=\"https:\/\/pepm-sal.infd.edu.ar\/sitio\/wp-content\/uploads\/2020\/06\/Material-de-lectura_Clase-2_Angulo-Rasco-A-que-llamamos-curriculum.pdf\">Material de lectura_Clase 2_Angulo-Rasco-A-que-llamamos-curriculum<\/a><\/p>\n<p><a href=\"https:\/\/pepm-sal.infd.edu.ar\/sitio\/wp-content\/uploads\/2020\/06\/Material-para-la-Clase-4_Calendario-Escolar-2020.pdf\">Material para la Clase 4_Calendario Escolar 2020<\/a><\/th>\n<\/tr>\n<tr>\n<td>3\u00ba<\/td>\n<td><\/td>\n<td>Historia Pol\u00edtica de la Educaci\u00f3n Argentina<\/td>\n<th><\/th>\n<\/tr>\n<tr>\n<td>3\u00ba<\/td>\n<td><\/td>\n<td>Filosof\u00eda<\/td>\n<th><\/th>\n<\/tr>\n<tr>\n<td>3\u00ba<\/td>\n<td>zelaya<\/td>\n<td>Sujetos de la Educaci\u00f3n<\/td>\n<th><\/th>\n<\/tr>\n<tr>\n<td>3\u00ba<\/td>\n<td><\/td>\n<td>Pract. Corporales y Motrices con la Naturaleza y su<\/td>\n<th><\/th>\n<\/tr>\n<tr>\n<td>3\u00ba<\/td>\n<td><\/td>\n<td>Teor\u00eda y Epistemolog\u00eda de la Educaci\u00f3n F\u00edsica<\/td>\n<th><\/th>\n<\/tr>\n<tr>\n<td>3\u00ba<\/td>\n<td style=\"text-align: center;\">PROF HEITMAN<\/td>\n<td>Did\u00e1ctica Especial de la Educ. F\u00edsica en el Nivel Secundario<\/td>\n<th><a href=\"https:\/\/pepm-sal.infd.edu.ar\/sitio\/wp-content\/uploads\/2020\/06\/MATERIAL-BIBLIOGRAFICO-Y-TP-1\u00b0-CUATRIMESTRE-DID.-ESPECIAL-DE-SEC.docx\">MATERIAL BIBLIOGRAFICO Y TP 1\u00b0 CUATRIMESTRE DID. ESPECIAL DE SEC<\/a><\/th>\n<\/tr>\n<tr>\n<td>3\u00ba<\/td>\n<td><\/td>\n<td>Prop. Variable Complementaria: Deportes en Conjuntos<\/td>\n<th><\/th>\n<\/tr>\n<tr>\n<td>3\u00ba<\/td>\n<td><\/td>\n<td>Pract. Deportivas V: Voleibol y su Ense\u00f1anza<\/td>\n<th><\/th>\n<\/tr>\n<tr>\n<td>3\u00ba<\/td>\n<td><\/td>\n<td>Did\u00e1ctica de la Educaci\u00f3n F\u00edsica Especial<\/td>\n<th><\/th>\n<\/tr>\n<tr>\n<td>3\u00ba<\/td>\n<td><\/td>\n<td>Pract. Docente III: Practicas De Ense\u00f1anza. Residencia<\/td>\n<th><a href=\"https:\/\/pepm-sal.infd.edu.ar\/sitio\/wp-content\/uploads\/2020\/06\/6026_EdF\u00edsica_Taller-Evaluaci\u00f3n-de-los-Aprendiz._Clase-1.pdf\">6026_EdF\u00edsica_Taller Evaluaci\u00f3n de los Aprendiz._Clase 1<\/a><\/p>\n<p><a href=\"https:\/\/pepm-sal.infd.edu.ar\/sitio\/wp-content\/uploads\/2020\/06\/6026_EdF\u00edsica_Taller-Evaluaci\u00f3n-de-los-Aprendiz._Clase-2.pdf\">6026_EdF\u00edsica_Taller Evaluaci\u00f3n de los Aprendiz._Clase 2<\/a><\/p>\n<p><a href=\"https:\/\/pepm-sal.infd.edu.ar\/sitio\/wp-content\/uploads\/2020\/06\/6026_EdF\u00edsica_Taller-Evaluaci\u00f3n-de-los-Aprendiz._Clase-4.pdf\">6026_EdF\u00edsica_Taller Evaluaci\u00f3n de los Aprendiz._Clase 4<\/a><\/p>\n<p><a href=\"https:\/\/pepm-sal.infd.edu.ar\/sitio\/wp-content\/uploads\/2020\/06\/Actividad-para-la-Clase-4.pdf\">Actividad para la Clase 4<\/a><\/p>\n<p><a href=\"https:\/\/pepm-sal.infd.edu.ar\/sitio\/wp-content\/uploads\/2020\/06\/Material-Clase-1_Introducci\u00f3n.pdf\">Material Clase 1_Introducci\u00f3n<\/a><\/p>\n<p><a href=\"https:\/\/pepm-sal.infd.edu.ar\/sitio\/wp-content\/uploads\/2020\/06\/Material-Clase-2_La-evaluaci\u00f3n-en-Educaci\u00f3n-F\u00edsica.pdf\">Material Clase 2_La evaluaci\u00f3n en Educaci\u00f3n F\u00edsica<\/a><\/p>\n<p><a href=\"https:\/\/pepm-sal.infd.edu.ar\/sitio\/wp-content\/uploads\/2020\/06\/Material-de-Lectura-para-la-clase-2-y-3_Elaola_Conceptos_basicos-Evaluaci\u00f3n.pdf\">Material de Lectura para la clase 2 y 3_Elaola_Conceptos_basicos Evaluaci\u00f3n<\/a><\/p>\n<p><a href=\"https:\/\/pepm-sal.infd.edu.ar\/sitio\/wp-content\/uploads\/2020\/06\/Material-para-la-Clase-4_ANIJOVICH-La-evaluacion-como-oportunidad.pdf\">Material para la Clase 4_ANIJOVICH La evaluacion como oportunidad<\/a><\/p>\n<p><a href=\"https:\/\/pepm-sal.infd.edu.ar\/sitio\/wp-content\/uploads\/2020\/06\/Modelo-de-R\u00daBRICAS_Clase-4.pdf\">Modelo de R\u00daBRICAS_Clase 4<\/a><\/th>\n<\/tr>\n<tr>\n<td>4\u00ba<\/td>\n<td><\/td>\n<td>Formaci\u00f3n \u00c9tica y Ciudadana<\/td>\n<th><a href=\"https:\/\/pepm-sal.infd.edu.ar\/sitio\/wp-content\/uploads\/2020\/07\/JOSE-L.P.TRIVI\u00d1O-DISCRIMINACI\u00d3N-SEXUAL.Texto-Obligatorio-FEC-PROF.-DE-EDUC.-F\u00cdSICA.pdf\">JOSE L.P.TRIVI\u00d1O- DISCRIMINACI\u00d3N SEXUAL.Texto Obligatorio- FEC- PROF. DE EDUC. F\u00cdSICA<\/a><\/p>\n<p><a href=\"https:\/\/pepm-sal.infd.edu.ar\/sitio\/wp-content\/uploads\/2020\/07\/A.Cortina-El-Sentido-de-las-Profesiones-Texto-obligatorio.pdf\">A.Cortina- El Sentido de las Profesiones-Texto obligatorio<\/a><\/p>\n<p><a href=\"https:\/\/pepm-sal.infd.edu.ar\/sitio\/wp-content\/uploads\/2020\/07\/DDHH-Ficha-de-catedra-FEC-4\u00b01\u00b0-Educ.-F\u00edsica.pdf\">DDHH- Ficha de catedra FEC- 4\u00b01\u00b0 Educ. F\u00edsica<\/a><\/p>\n<p><a href=\"https:\/\/pepm-sal.infd.edu.ar\/sitio\/wp-content\/uploads\/2020\/07\/ADELA-CORTINA-TEXTO-DEPORTE-Y-JUEGO-SUCIO.pdf\">ADELA CORTINA- TEXTO- DEPORTE Y JUEGO SUCIO<\/a><\/p>\n<p><a href=\"https:\/\/pepm-sal.infd.edu.ar\/sitio\/wp-content\/uploads\/2020\/07\/Reglamentos-Interno-Colegio-de-Profesores-de-Educacion-Fisica-Salta.doc\">Reglamentos Interno-Colegio de Profesores de Educacion Fisica-Salta<\/a><\/p>\n<p><a href=\"https:\/\/pepm-sal.infd.edu.ar\/sitio\/wp-content\/uploads\/2020\/07\/P\u00c9REZ-SAMANIEGO-V\u00edctor-Etica-del-cuidado-en-educacion-fisica.pdf\">P\u00c9REZ SAMANIEGO, V\u00edctor- Etica del cuidado en educacion fisica<\/a><\/p>\n<p>&nbsp;<\/p>\n<p><a href=\"https:\/\/drive.google.com\/file\/d\/1IhQSj6PodqnTeswti2OD_TEGc0JXJbTc\/view\">https:\/\/drive.google.com\/file\/d\/1IhQSj6PodqnTeswti2OD_TEGc0JXJbTc\/view<\/a><\/p>\n<p>&nbsp;<\/p>\n<p><a href=\"https:\/\/drive.google.com\/file\/d\/1iCNnm4IMbFAasBNxN_aXtMBldPQPPvIg\/view\">https:\/\/drive.google.com\/file\/d\/1iCNnm4IMbFAasBNxN_aXtMBldPQPPvIg\/view<\/a><\/p>\n<p>&nbsp;<\/p>\n<p><a href=\"https:\/\/drive.google.com\/file\/d\/1uZQ1xLOwk8syktKinLy3k2ELHgwntdEb\/view?usp=sharing\">https:\/\/drive.google.com\/file\/d\/1uZQ1xLOwk8syktKinLy3k2ELHgwntdEb\/view?usp=sharing<\/a><\/p>\n<p>&nbsp;<\/p>\n<p><a href=\"https:\/\/drive.google.com\/file\/d\/1uZQ1xLOwk8syktKinLy3k2ELHgwntdEb\/view?usp=sharing\">https:\/\/drive.google.com\/file\/d\/1uZQ1xLOwk8syktKinLy3k2ELHgwntdEb\/view?usp=sharing<\/a><\/th>\n<\/tr>\n<tr>\n<td>&nbsp;<\/p>\n<p>&nbsp;<\/p>\n<p>&nbsp;<\/p>\n<p>&nbsp;<\/p>\n<p>&nbsp;<\/p>\n<p>4\u00ba<\/td>\n<td><\/td>\n<td>Problem\u00e1tica de la Interculturalidad<\/td>\n<th><\/th>\n<\/tr>\n<tr>\n<td>4\u00ba<\/td>\n<td><\/td>\n<td>Teor\u00eda y Pr\u00e1ctica del Entrenamiento<\/td>\n<th><\/th>\n<\/tr>\n<tr>\n<td>4\u00ba<\/td>\n<td>PROF HEITMAN<\/td>\n<td>Metodolog\u00eda de la Investigaci\u00f3n Aplicada a la Educ.<\/td>\n<th><a href=\"https:\/\/pepm-sal.infd.edu.ar\/sitio\/wp-content\/uploads\/2020\/06\/MATERIAL-Y-TP-DE-LA-MATERIA-INVESTIGACION.docx\">MATERIAL Y TP DE LA MATERIA INVESTIGACION<\/a><\/th>\n<\/tr>\n<tr>\n<td>4\u00ba<\/td>\n<td><\/td>\n<td>Evaluaci\u00f3n Aplicada a la Educaci\u00f3n F\u00edsica<\/td>\n<th><\/th>\n<\/tr>\n<tr>\n<td>4\u00ba<\/td>\n<td><\/td>\n<td>Prop. Variable Complem. II: Proyecto Sociocomunitario<\/td>\n<th><\/th>\n<\/tr>\n<tr>\n<td>4\u00ba<\/td>\n<td><\/td>\n<td>Gesti\u00f3n Y Organizaci\u00f3n de la Educaci\u00f3n F\u00edsica<\/td>\n<th><\/th>\n<\/tr>\n<tr>\n<td>4\u00ba<\/td>\n<td><\/td>\n<td>Educaci\u00f3n Sexual Integral<\/td>\n<th><\/th>\n<\/tr>\n<tr>\n<td>4\u00ba<\/td>\n<td>PROF HEITMAN<\/td>\n<td>Pract. Docente IV: Residencia Pedag\u00f3gica en el Nivel<\/td>\n<th><a href=\"https:\/\/pepm-sal.infd.edu.ar\/sitio\/wp-content\/uploads\/2020\/06\/Material-del-primer-cuatrimestre-y-tp-PRACTICA-IV..docx\">Material del primer cuatrimestre y tp PRACTICA IV.<\/a><\/th>\n<\/tr>\n<\/tbody>\n<\/table>\n","protected":false},"excerpt":{"rendered":"<p>&nbsp; Curso Profe Materia Documento 1\u00ba Prof. Maria Laura Pedagog\u00eda &nbsp; 2020-CARTILLA DE PEDAGOG\u00cdA -ROSARIO DE LERMA 1\u00ba Prof. Ariel Mu\u00f1oz Did\u00e1ctica General 1\u00ba Psicolog\u00eda Educacional 1\u00ba Taller de Lectura y Escritura Acad\u00e9mica 1\u00ba Anatom\u00eda Funcional 1\u00ba zelaya Pract. Deportivas I: H\u00e1ndbol y su Ense\u00f1anza GRILLA DE REQUERIMIENTOS F\u00cdSICO Handball Teor\u00eda tecnica tactica y estrategia &#8230; <a title=\"Cartillas de examen integrador Agosto \/2020\" class=\"read-more\" href=\"https:\/\/pepm-sal.infd.edu.ar\/sitio\/material-anexo\/\" aria-label=\"More on Cartillas de examen integrador Agosto \/2020\">[+]<\/a><\/p>\n","protected":false},"author":10,"featured_media":0,"parent":0,"menu_order":0,"comment_status":"closed","ping_status":"closed","template":"","meta":[],"acf":[],"_links":{"self":[{"href":"https:\/\/pepm-sal.infd.edu.ar\/sitio\/wp-json\/wp\/v2\/pages\/2058"}],"collection":[{"href":"https:\/\/pepm-sal.infd.edu.ar\/sitio\/wp-json\/wp\/v2\/pages"}],"about":[{"href":"https:\/\/pepm-sal.infd.edu.ar\/sitio\/wp-json\/wp\/v2\/types\/page"}],"author":[{"embeddable":true,"href":"https:\/\/pepm-sal.infd.edu.ar\/sitio\/wp-json\/wp\/v2\/users\/10"}],"replies":[{"embeddable":true,"href":"https:\/\/pepm-sal.infd.edu.ar\/sitio\/wp-json\/wp\/v2\/comments?post=2058"}],"version-history":[{"count":18,"href":"https:\/\/pepm-sal.infd.edu.ar\/sitio\/wp-json\/wp\/v2\/pages\/2058\/revisions"}],"predecessor-version":[{"id":2124,"href":"https:\/\/pepm-sal.infd.edu.ar\/sitio\/wp-json\/wp\/v2\/pages\/2058\/revisions\/2124"}],"wp:attachment":[{"href":"https:\/\/pepm-sal.infd.edu.ar\/sitio\/wp-json\/wp\/v2\/media?parent=2058"}],"curies":[{"name":"wp","href":"https:\/\/api.w.org\/{rel}","templated":true}]}}