{"id":2113,"date":"2020-07-28T14:35:37","date_gmt":"2020-07-28T17:35:37","guid":{"rendered":"https:\/\/pepm-sal.infd.edu.ar\/sitio\/?page_id=2113"},"modified":"2022-11-22T19:32:58","modified_gmt":"2022-11-22T22:32:58","slug":"programas-de-la-carrera-ef","status":"publish","type":"page","link":"https:\/\/pepm-sal.infd.edu.ar\/sitio\/programas-de-la-carrera-ef\/","title":{"rendered":"Programa de cada Asignatura (Educ. F\u00edsica)"},"content":{"rendered":"<table>\n<tbody>\n<tr>\n<th>Curso<\/th>\n<th>Profe<\/th>\n<th>Materia<\/th>\n<th>Programa<\/th>\n<\/tr>\n<tr>\n<td>1\u00ba<\/td>\n<td><\/td>\n<td>\n<p style=\"text-align: center;\">Pedagog\u00eda<\/p>\n<p style=\"text-align: center;\">\n<\/td>\n<th style=\"text-align: center;\"><a href=\"https:\/\/pepm-sal.infd.edu.ar\/sitio\/wp-content\/uploads\/2020\/05\/Programa-Pedagog\u00eda-1er-a\u00f1o-Prof.-Maria-Laura.docx\">Programa Pedagog\u00eda 1er a\u00f1o Prof. Maria Laura<\/a><\/th>\n<\/tr>\n<tr>\n<td>1\u00ba<\/td>\n<td>Prof. Ariel Mu\u00f1oz<\/td>\n<td>Did\u00e1ctica General<\/td>\n<th><a href=\"https:\/\/pepm-sal.infd.edu.ar\/sitio\/wp-content\/uploads\/2020\/05\/Programa-Did\u00e1ctica-Educaci\u00f3n-F\u00edsica-1er-a\u00f1o-Prof.-Ariel-Mu\u00f1oz.docx\">Programa Did\u00e1ctica Educaci\u00f3n F\u00edsica 1er a\u00f1o Prof. Ariel Mu\u00f1oz<\/a><\/th>\n<\/tr>\n<tr>\n<td>1\u00ba<\/td>\n<td><\/td>\n<td>Psicolog\u00eda Educacional<\/td>\n<th><\/th>\n<\/tr>\n<tr>\n<td>1\u00ba<\/td>\n<td><\/td>\n<td>Taller de Lectura y Escritura Acad\u00e9mica<\/td>\n<th>A\u00d1O 2022 &#8211; <a href=\"https:\/\/pepm-sal.infd.edu.ar\/sitio\/wp-content\/uploads\/2022\/06\/6026Programa-Lectura-y-Escritura-2022.docx\">6026Programa Lectura y Escritura 2022<\/a><\/th>\n<\/tr>\n<tr>\n<td>1\u00ba<\/td>\n<td><\/td>\n<td>Anatom\u00eda Funcional<\/td>\n<th><a href=\"https:\/\/pepm-sal.infd.edu.ar\/sitio\/wp-content\/uploads\/2020\/05\/Programa-Anatom\u00eda-1er-a\u00f1o-Prof.-Vargas.docx\">Programa Anatom\u00eda 1er a\u00f1o Prof. Vargas<\/a><\/th>\n<\/tr>\n<tr>\n<td>1\u00ba<\/td>\n<td><\/td>\n<td>Pract. Deportivas I: H\u00e1ndbol y su Ense\u00f1anza<\/td>\n<th>A\u00d1O 2022 &#8211; <a href=\"https:\/\/pepm-sal.infd.edu.ar\/sitio\/wp-content\/uploads\/2022\/06\/Programa-handball202.docx\">Programa handball202<\/a><\/th>\n<\/tr>\n<tr>\n<td>1\u00ba<\/td>\n<td><\/td>\n<td>Desarrollo y Aprendizaje Motriz<\/td>\n<th><\/th>\n<\/tr>\n<tr>\n<td>1\u00ba<\/td>\n<td><\/td>\n<td>Pract Gimnasticas I: Gimnasia Formativa, Expresiva y<\/td>\n<th>A\u00d1O 2022 &#8211; <a href=\"https:\/\/pepm-sal.infd.edu.ar\/sitio\/wp-content\/uploads\/2022\/06\/Programa-Gimnasia-I-1er-ano-Prof.-Jorge-Aguierre.docx\">Programa Gimnasia I 1er a\u00f1o Prof. Jorge Aguierre<\/a><\/th>\n<\/tr>\n<tr>\n<td><\/td>\n<td><\/td>\n<td>Pract. Deportivas II: Futbol y su Ense\u00f1anza<\/td>\n<th><\/th>\n<\/tr>\n<tr>\n<td>1\u00ba<\/td>\n<td>Prof. Sergio Arcienaga<\/td>\n<td>Recreaci\u00f3n, Sujeto y Contexto<\/td>\n<th><a href=\"https:\/\/pepm-sal.infd.edu.ar\/sitio\/wp-content\/uploads\/2020\/05\/Programa-Recreaci\u00f3n-sujeto-y-Practicas-1er-a\u00f1o-Prof.-Arci\u00e9naga.pdf\">Programa Recreaci\u00f3n, sujeto y Practicas 1er a\u00f1o Prof. Arci\u00e9naga<\/a><\/th>\n<\/tr>\n<tr>\n<td>1\u00ba<\/td>\n<td><\/td>\n<td>Pract. Docente I: Contexto, Comunidad y Escuela<\/td>\n<th>A\u00d1O 2022 &#8211; <a href=\"https:\/\/pepm-sal.infd.edu.ar\/sitio\/wp-content\/uploads\/2022\/06\/Programa-educacion-fisica.-2022.-Practica-docente-I.doc\">Programa educaci\u00f3n f\u00ecsica. 2022. Practica docente I<\/a><\/th>\n<\/tr>\n<tr>\n<td>2\u00ba<\/td>\n<td><\/td>\n<td>Sociolog\u00eda de la Educaci\u00f3n<\/td>\n<th><\/th>\n<\/tr>\n<tr>\n<td>2\u00ba<\/td>\n<td><\/td>\n<td>\n<p style=\"text-align: center;\">Historia Argentina y Latinoamericana<\/p>\n<\/td>\n<th><a href=\"https:\/\/pepm-sal.infd.edu.ar\/sitio\/wp-content\/uploads\/2020\/05\/programa-de-Historia-Argentina-y-lat.-2do-a\u00f1o-Prof.-Vazquez-Rossana.docx\">programa de Historia Argentina y lat. 2do a\u00f1o Prof. Vazquez Rossana<\/a><\/th>\n<\/tr>\n<tr>\n<td>2\u00ba<\/td>\n<td><\/td>\n<td>Tecnolog\u00eda de la Informaci\u00f3n Y la Comunicaci\u00f3n (Tic)<\/td>\n<th><a href=\"https:\/\/pepm-sal.infd.edu.ar\/sitio\/wp-content\/uploads\/2021\/03\/Programa-TIC-ED-FISICA.docx\">Programa TIC ED FISICA<\/a><\/th>\n<\/tr>\n<tr>\n<td>2\u00ba<\/td>\n<td><\/td>\n<td>Fisiolog\u00eda Aplicada a La Educaci\u00f3n F\u00edsica<\/td>\n<th><a href=\"https:\/\/pepm-sal.infd.edu.ar\/sitio\/wp-content\/uploads\/2020\/05\/Programa-Fisiolog\u00eda-2do-a\u00f1o-Prof-Vargas.docx\">Programa Fisiolog\u00eda 2do a\u00f1o Prof, Vargas<\/a><\/th>\n<\/tr>\n<tr>\n<td>2\u00ba<\/td>\n<td><\/td>\n<td>Pract. Deportivas III: Basquetbol y su Ense\u00f1anza<\/td>\n<th>A\u00d1O 2022 &#8211; <a href=\"https:\/\/pepm-sal.infd.edu.ar\/sitio\/wp-content\/uploads\/2022\/06\/PROGRAMA-Basquetbol-2022.docx\">PROGRAMA Basquetbol 2022<\/a><\/th>\n<\/tr>\n<tr>\n<td>2\u00ba<\/td>\n<td><\/td>\n<td>Didact. Especial de la Educ. F\u00edsica en el Ni y Nivel Primario<\/td>\n<th>A\u00d1O 2022 &#8211; <a href=\"https:\/\/pepm-sal.infd.edu.ar\/sitio\/wp-content\/uploads\/2022\/06\/Programa-Didactica-Especial-Nivel-Inicial-y-Primario-2do-ano-Prof.-Jorge-Aguierre.docx\">Programa Didactica Especial Nivel Inicial y Primario 2do a\u00f1o Prof. Jorge Aguierre<\/a><\/th>\n<\/tr>\n<tr>\n<td>2\u00ba<\/td>\n<td><\/td>\n<td>Pract. Gimnasticas II: La Gimnasia Art\u00edstica, R\u00edtmica y<\/td>\n<th>A\u00d1O 2022 &#8211; <a href=\"https:\/\/pepm-sal.infd.edu.ar\/sitio\/wp-content\/uploads\/2022\/06\/Programa-Gimnasia-II-2do-ano-Prof.-Jorge-Aguierre.docx\">Programa Gimnasia II 2do a\u00f1o Prof. Jorge Aguierre<\/a><\/th>\n<\/tr>\n<tr>\n<td>2\u00ba<\/td>\n<td><\/td>\n<td>Pract. Deportivas IV: El Atletismo y su Ense\u00f1anza<\/td>\n<th>A\u00d1O 2022 &#8211; <a href=\"https:\/\/pepm-sal.infd.edu.ar\/sitio\/wp-content\/uploads\/2022\/06\/Planificacion-Atletismo-2022.docx\">Planificacion Atletismo 2022<\/a><\/th>\n<\/tr>\n<tr>\n<td>2\u00ba<\/td>\n<td><\/td>\n<td>Pract. Motrices Acu\u00e1ticas: La Nataci\u00f3n y su<\/td>\n<th>A\u00d1O 2022 &#8211; <a href=\"https:\/\/pepm-sal.infd.edu.ar\/sitio\/wp-content\/uploads\/2022\/06\/PROGRAMA-formato-nuevo-2022-Natacion-y-su-Ensenanza.docx\">PROGRAMA formato nuevo 2022 Natacion y su Ense\u00f1anza<\/a><\/th>\n<\/tr>\n<tr>\n<td>2\u00ba<\/td>\n<td><\/td>\n<td>Pract. Docente II: Gesti\u00f3n Institucional, Curriculum y<\/td>\n<th>A\u00d1O 2022 &#8211; <a href=\"https:\/\/pepm-sal.infd.edu.ar\/sitio\/wp-content\/uploads\/2022\/06\/programa-Pract.Docente22.docx\">programa Pract.Docente22<\/a><\/th>\n<\/tr>\n<tr>\n<td>3\u00ba<\/td>\n<td><\/td>\n<td>Historia Pol\u00edtica de la Educaci\u00f3n Argentina<\/td>\n<th>A\u00d1O 2022 &#8211; <a href=\"https:\/\/pepm-sal.infd.edu.ar\/sitio\/wp-content\/uploads\/2022\/06\/PROGRAMA-HISTORIA-Y-POLITICA-DE-LA-EDUCACION-ARGENTINA-2022-1.pdf\">PROGRAMA HISTORIA Y POL\u00cdTICA DE LA EDUCACI\u00d3N ARGENTINA 2022 (1)<\/a><\/th>\n<\/tr>\n<tr>\n<td>3\u00ba<\/td>\n<td><\/td>\n<td>Filosof\u00eda<\/td>\n<th><\/th>\n<\/tr>\n<tr>\n<td>3\u00ba<\/td>\n<td><\/td>\n<td>Sujetos de la Educaci\u00f3n<\/td>\n<th>A\u00d1O 2022 &#8211; <a href=\"https:\/\/pepm-sal.infd.edu.ar\/sitio\/wp-content\/uploads\/2022\/06\/PROGRAMAsujeto22.docx\">PROGRAMAsujeto22<\/a><\/th>\n<\/tr>\n<tr>\n<td>3\u00ba<\/td>\n<td><\/td>\n<td>Pract. Corporales y Motrices con la Naturaleza y su<\/td>\n<th>A\u00d1O 2022 &#8211; <a href=\"https:\/\/pepm-sal.infd.edu.ar\/sitio\/wp-content\/uploads\/2022\/06\/Programa-Practicas-Corporales-y-Motrices-con-la-naturaleza-2022.docx\">Programa Practicas Corporales y Motrices con la naturaleza 2022<\/a><\/th>\n<\/tr>\n<tr>\n<td>3\u00ba<\/td>\n<td><\/td>\n<td>Teor\u00eda y Epistemolog\u00eda de la Educaci\u00f3n F\u00edsica<\/td>\n<th><a href=\"https:\/\/pepm-sal.infd.edu.ar\/sitio\/wp-content\/uploads\/2020\/05\/Programa-Epistemolog\u00eda-3er-a\u00f1o-Prof.-Vargas.docx\">Programa Epistemolog\u00eda 3er a\u00f1o Prof. Vargas<\/a><\/th>\n<\/tr>\n<tr>\n<td>3\u00ba<\/td>\n<td><\/td>\n<td>Did\u00e1ctica Especial de la Educ. F\u00edsica en el Nivel Secundario<\/td>\n<th>A\u00d1O 2022 &#8211; <a href=\"https:\/\/pepm-sal.infd.edu.ar\/sitio\/wp-content\/uploads\/2022\/06\/PROGRAMA-2022-Did.-Esp.Secundario.docx\">PROGRAMA 2022 Did. Esp.Secundario<\/a><\/th>\n<\/tr>\n<tr>\n<td>3\u00ba<\/td>\n<td><\/td>\n<td>Prop. Variable Complementaria: Deportes en Conjuntos<\/td>\n<th><a href=\"https:\/\/pepm-sal.infd.edu.ar\/sitio\/wp-content\/uploads\/2020\/05\/Programa-Softbol-y-su-ense\u00f1anza-3er-a\u00f1o-Prof.-Alvaro-Moneta.docx\">Programa Softbol y su ense\u00f1anza 3er a\u00f1o Prof. Alvaro Moneta<\/a><\/th>\n<\/tr>\n<tr>\n<td>3\u00ba<\/td>\n<td><\/td>\n<td>Pract. Deportivas V: Voleibol y su Ense\u00f1anza<\/td>\n<th><\/th>\n<\/tr>\n<tr>\n<td>3\u00ba<\/td>\n<td><\/td>\n<td>Did\u00e1ctica de la Educaci\u00f3n F\u00edsica Especial<\/td>\n<th>A\u00d1O 2022 &#8211; <a href=\"https:\/\/pepm-sal.infd.edu.ar\/sitio\/wp-content\/uploads\/2022\/06\/Didactica-de-la-Educacion-Fisica-Especial-2022-Programa.pdf\">Did\u00e1ctica de la Educaci\u00f3n F\u00edsica Especial &#8211; 2022 Programa<\/a><\/th>\n<\/tr>\n<tr>\n<td>3\u00ba<\/td>\n<td><\/td>\n<td>Pract. Docente III: Practicas De Ense\u00f1anza. Residencia<\/td>\n<th><a href=\"https:\/\/pepm-sal.infd.edu.ar\/sitio\/wp-content\/uploads\/2020\/05\/Programa-Pract.Docente-3-3er-a\u00f1o-Prof.-Luis-Zelaya.docx\">Programa Pract.Docente 3 3er a\u00f1o Prof. Luis Zelaya<\/a><\/th>\n<\/tr>\n<tr>\n<td>4\u00ba<\/td>\n<td><\/td>\n<td>Formaci\u00f3n \u00c9tica y Ciudadana<\/td>\n<th>A\u00d1O 2022 &#8211; <a href=\"https:\/\/pepm-sal.infd.edu.ar\/sitio\/wp-content\/uploads\/2022\/06\/PROGRAMA-2022-FORMACION-ETICA-Y-CIUDADANA.pdf\">PROGRAMA 2022 &#8211; FORMACI\u00d3N \u00c9TICA Y CIUDADANA<\/a><\/th>\n<\/tr>\n<tr>\n<td>4\u00ba<\/td>\n<td><\/td>\n<td>Problem\u00e1tica de la Interculturalidad<\/td>\n<th><\/th>\n<\/tr>\n<tr>\n<td>4\u00ba<\/td>\n<td><\/td>\n<td>Teor\u00eda y Pr\u00e1ctica del Entrenamiento<\/td>\n<th>A\u00d1O 2022 &#8211; <a href=\"https:\/\/pepm-sal.infd.edu.ar\/sitio\/wp-content\/uploads\/2022\/06\/Programa-Teoria-del-Entrenamiento-Deportivo-4to-ano-Prof.Jorge-Aguierre.docx\">Programa Teoria del Entrenamiento Deportivo 4to a\u00f1o Prof.Jorge Aguierre<\/a><\/th>\n<\/tr>\n<tr>\n<td>4\u00ba<\/td>\n<td><\/td>\n<td>Metodolog\u00eda de la Investigaci\u00f3n Aplicada a la Educ.<\/td>\n<th>A\u00d1O 2022 &#8211; <a href=\"https:\/\/pepm-sal.infd.edu.ar\/sitio\/wp-content\/uploads\/2022\/06\/PROGRAMA-2022.-Investigacion-aplicada.docx\">PROGRAMA 2022. Investigacion aplicada<\/a><\/th>\n<\/tr>\n<tr>\n<td>4\u00ba<\/td>\n<td><\/td>\n<td>Evaluaci\u00f3n Aplicada a la Educaci\u00f3n F\u00edsica<\/td>\n<th><\/th>\n<\/tr>\n<tr>\n<td>4\u00ba<\/td>\n<td><\/td>\n<td>Prop. Variable Complem. II: Proyecto Sociocomunitario<\/td>\n<th>A\u00d1O 2022 <a href=\"https:\/\/pepm-sal.infd.edu.ar\/sitio\/wp-content\/uploads\/2022\/06\/PROGRAMA-2022-ANIMACION-SOCIOCULTURAL.docx\">PROGRAMA 2022 ANIMACION SOCIOCULTURAL<\/a><\/th>\n<\/tr>\n<tr>\n<td>4\u00ba<\/td>\n<td><\/td>\n<td>Gesti\u00f3n Y Organizaci\u00f3n de la Educaci\u00f3n F\u00edsica<\/td>\n<th><\/th>\n<\/tr>\n<tr>\n<td>4\u00ba<\/td>\n<td><\/td>\n<td>Educaci\u00f3n Sexual Integral<\/td>\n<th>A\u00d1O 2022 &#8211;\u00a0 <a href=\"https:\/\/pepm-sal.infd.edu.ar\/sitio\/wp-content\/uploads\/2022\/11\/PROGRAMA_2022_Edu._Fca-_SEMINARIO_DE_ESI.pdf\">PROGRAMA_2022_Edu._Fca-_SEMINARIO_DE_ESI<\/a><\/th>\n<\/tr>\n<tr>\n<td>4\u00ba<\/td>\n<td><\/td>\n<td>Pract. Docente IV: Residencia Pedag\u00f3gica en el Nivel<\/td>\n<th>A\u00d1O 2022 &#8211; <a href=\"https:\/\/pepm-sal.infd.edu.ar\/sitio\/wp-content\/uploads\/2022\/06\/PROGRAMA-2022-Practica-IV.docx\">PROGRAMA 2022 Pr\u00e1ctica IV<\/a><\/th>\n<\/tr>\n<\/tbody>\n<\/table>\n","protected":false},"excerpt":{"rendered":"<p>Curso Profe Materia Programa 1\u00ba Pedagog\u00eda Programa Pedagog\u00eda 1er a\u00f1o Prof. Maria Laura 1\u00ba Prof. Ariel Mu\u00f1oz Did\u00e1ctica General Programa Did\u00e1ctica Educaci\u00f3n F\u00edsica 1er a\u00f1o Prof. Ariel Mu\u00f1oz 1\u00ba Psicolog\u00eda Educacional 1\u00ba Taller de Lectura y Escritura Acad\u00e9mica A\u00d1O 2022 &#8211; 6026Programa Lectura y Escritura 2022 1\u00ba Anatom\u00eda Funcional Programa Anatom\u00eda 1er a\u00f1o Prof. Vargas &#8230; <a title=\"Programa de cada Asignatura (Educ. F\u00edsica)\" class=\"read-more\" href=\"https:\/\/pepm-sal.infd.edu.ar\/sitio\/programas-de-la-carrera-ef\/\" aria-label=\"More on Programa de cada Asignatura (Educ. F\u00edsica)\">[+]<\/a><\/p>\n","protected":false},"author":10,"featured_media":0,"parent":0,"menu_order":0,"comment_status":"closed","ping_status":"closed","template":"","meta":[],"acf":[],"_links":{"self":[{"href":"https:\/\/pepm-sal.infd.edu.ar\/sitio\/wp-json\/wp\/v2\/pages\/2113"}],"collection":[{"href":"https:\/\/pepm-sal.infd.edu.ar\/sitio\/wp-json\/wp\/v2\/pages"}],"about":[{"href":"https:\/\/pepm-sal.infd.edu.ar\/sitio\/wp-json\/wp\/v2\/types\/page"}],"author":[{"embeddable":true,"href":"https:\/\/pepm-sal.infd.edu.ar\/sitio\/wp-json\/wp\/v2\/users\/10"}],"replies":[{"embeddable":true,"href":"https:\/\/pepm-sal.infd.edu.ar\/sitio\/wp-json\/wp\/v2\/comments?post=2113"}],"version-history":[{"count":26,"href":"https:\/\/pepm-sal.infd.edu.ar\/sitio\/wp-json\/wp\/v2\/pages\/2113\/revisions"}],"predecessor-version":[{"id":3036,"href":"https:\/\/pepm-sal.infd.edu.ar\/sitio\/wp-json\/wp\/v2\/pages\/2113\/revisions\/3036"}],"wp:attachment":[{"href":"https:\/\/pepm-sal.infd.edu.ar\/sitio\/wp-json\/wp\/v2\/media?parent=2113"}],"curies":[{"name":"wp","href":"https:\/\/api.w.org\/{rel}","templated":true}]}}