{"id":2126,"date":"2020-07-30T19:25:29","date_gmt":"2020-07-30T22:25:29","guid":{"rendered":"https:\/\/pepm-sal.infd.edu.ar\/sitio\/?page_id=2126"},"modified":"2022-05-20T20:36:48","modified_gmt":"2022-05-20T23:36:48","slug":"programas-de-las-materias-tecnico","status":"publish","type":"page","link":"https:\/\/pepm-sal.infd.edu.ar\/sitio\/programas-de-las-materias-tecnico\/","title":{"rendered":"Programas de cada Materia (Tecnicatura Higiene)"},"content":{"rendered":"<table style=\"height: 5836px;\" width=\"479\">\n<tbody>\n<tr>\n<th style=\"text-align: center;\">Curso<\/th>\n<th>Profe<\/th>\n<th>Materia<\/th>\n<th>Programa<\/th>\n<\/tr>\n<tr>\n<td>1\u00ba<\/td>\n<td>Paula Goytia<\/td>\n<td>\n<p style=\"text-align: center;\">Comprensi\u00f3n de Textos<\/p>\n<\/td>\n<th>A\u00d1O 2022 &#8211; <a href=\"https:\/\/pepm-sal.infd.edu.ar\/sitio\/wp-content\/uploads\/2022\/05\/IES-6026-TSHYS-COMPRESION-DE-TEXTO-2022.pdf\">IES 6026-TSHYS- COMPRESION DE TEXTO 2022<\/a><\/th>\n<\/tr>\n<tr>\n<td>1\u00ba<\/td>\n<td>Liliana Pistan<\/td>\n<td>Organizaci\u00f3n Industrial<\/td>\n<th>A\u00d1O 2022 &#8211; <a href=\"https:\/\/pepm-sal.infd.edu.ar\/sitio\/wp-content\/uploads\/2022\/05\/IES-6026-TSHYS-ORGANIZACION-INDUSTRIAL2022.pdf\">IES 6026-TSHYS- ORGANIZACION INDUSTRIAL2022<\/a><\/th>\n<\/tr>\n<tr>\n<td>1\u00ba<\/td>\n<td>Adelma Yanes<\/td>\n<td>Psicolog\u00eda Laboral<\/td>\n<th>A\u00d1O 2022 &#8211; <a href=\"https:\/\/pepm-sal.infd.edu.ar\/sitio\/wp-content\/uploads\/2022\/05\/IES-6026-TSHYS-Psicologia-Laboral-2022.pdf\">IES 6026- TSHYS Psicolog\u00eda Laboral 2022<\/a><\/th>\n<\/tr>\n<tr>\n<td>1\u00ba<\/td>\n<td>David Gutierrez<\/td>\n<td>Sociolog\u00eda<\/p>\n<p style=\"text-align: center;\"><span style=\"color: #ff0000;\">\u00a0<\/span><\/p>\n<\/td>\n<th>A\u00d1O 2022 &#8211; <a href=\"https:\/\/pepm-sal.infd.edu.ar\/sitio\/wp-content\/uploads\/2022\/05\/IES-6026-TSHYS-SOCIOLOGIA-2022-1.pdf\">IES 6026-TSHYS &#8211; SOCIOLOGIA 2022<\/a><\/th>\n<\/tr>\n<tr>\n<td>1\u00ba<\/td>\n<td>Leila Gamboni<\/td>\n<td>Derecho De Trabajo<\/p>\n<p style=\"text-align: center;\"><span style=\"color: #ff0000;\">\u00a0<\/span><\/p>\n<\/td>\n<th>A\u00d1O 2022 &#8211; <a href=\"https:\/\/pepm-sal.infd.edu.ar\/sitio\/wp-content\/uploads\/2022\/05\/IES-6026-TSHYS-DERECHO-DEL-TRABAJO-2022.pdf\">IES 6026-TSHYS-DERECHO DEL TRABAJO 2022<\/a><\/th>\n<\/tr>\n<tr>\n<td>1\u00ba<\/td>\n<td>Beatriz Vega<\/td>\n<td>Relaciones Humanas<\/p>\n<p style=\"text-align: center;\"><span style=\"color: #ff0000;\">\u00a0<\/span><\/p>\n<\/td>\n<th>\u00a0A\u00d1O 2022 &#8211; <a href=\"https:\/\/pepm-sal.infd.edu.ar\/sitio\/wp-content\/uploads\/2022\/05\/IES-6026-TSHYS-Relaciones-Humanas-2022.pdf\">IES 6026-TSHYS-Relaciones Humanas 2022<\/a><\/th>\n<\/tr>\n<tr>\n<td>1\u00ba<\/td>\n<td>Yolanda Valenzuela<\/td>\n<td>Matem\u00e1tica<\/td>\n<th>A\u00d1O 2022 &#8211; <a href=\"https:\/\/pepm-sal.infd.edu.ar\/sitio\/wp-content\/uploads\/2022\/05\/IES-6026-TSHYS-Matematica-2022.pdf\">IES 6026-TSHYS -Matem\u00e1tica 2022<\/a><\/th>\n<\/tr>\n<tr>\n<td>1\u00ba<\/td>\n<td>Liliana Pistan<\/td>\n<td>Estad\u00edsticas y Costos<\/td>\n<th>A\u00d1O 2022 &#8211; <a href=\"https:\/\/pepm-sal.infd.edu.ar\/sitio\/wp-content\/uploads\/2022\/05\/IES-6026-TUHYS-Estadisticas-y-Costos-2022.pdf\">IES 6026-TUHYS &#8211; Estadisticas y Costos 2022<\/a><\/th>\n<\/tr>\n<tr>\n<td>1\u00ba<\/td>\n<td>Silvina Sosa<\/td>\n<td>Medicina del Trabajo I<\/td>\n<th>A\u00d1O 2022 &#8211; <a href=\"https:\/\/pepm-sal.infd.edu.ar\/sitio\/wp-content\/uploads\/2022\/05\/IES-6026-TSHYS-MEDICINA-1-2022.pdf\">IES 6026- TSHYS- MEDICINA 1 2022<\/a><\/th>\n<\/tr>\n<tr>\n<td>1\u00ba<\/td>\n<td>Federico Alzogaray<\/td>\n<td>Seguridad I<\/td>\n<th>A\u00d1O 2022 &#8211; <a href=\"https:\/\/pepm-sal.infd.edu.ar\/sitio\/wp-content\/uploads\/2022\/05\/IES-6026-TSHYS-SEGURIDAD-I-2022.pdf\">IES 6026-TSHYS-SEGURIDAD I 2022<\/a><\/th>\n<\/tr>\n<tr>\n<td>1\u00ba<\/td>\n<td>Patricia Fernandez<\/td>\n<td>Pr\u00e1ctica Profesional I<\/td>\n<th>A\u00d1O 2022 &#8211; <a href=\"https:\/\/pepm-sal.infd.edu.ar\/sitio\/wp-content\/uploads\/2022\/05\/IES-6026-TSHYS-PP1-2022.pdf\">IES 6026-TSHYS- PP1 2022<\/a><\/th>\n<\/tr>\n<tr>\n<td>2\u00ba<\/td>\n<td>Graciela Sandoval<\/td>\n<td>Inform\u00e1tica Aplicada<\/td>\n<th>A\u00d1O 2022 &#8211; <a href=\"https:\/\/pepm-sal.infd.edu.ar\/sitio\/wp-content\/uploads\/2022\/05\/IES-6026-TSHYS-Informatica-Aplicada2022.pdf\">IES 6026- TSHYS- Informatica Aplicada2022<\/a><\/th>\n<\/tr>\n<tr>\n<td>2\u00ba<\/td>\n<td>Sandra Fabian<\/td>\n<td>\u00c9tica Aplicada<\/td>\n<th>A\u00d1O 2022 &#8211; <a href=\"https:\/\/pepm-sal.infd.edu.ar\/sitio\/wp-content\/uploads\/2022\/05\/IES-6026-TSHYS-ETICA-APLICADA-2022.pdf\">IES 6026-TSHYS- \u00c9TICA APLICADA 2022<\/a><\/th>\n<\/tr>\n<tr>\n<td>2\u00ba<\/td>\n<td>Rosas Antonio<\/td>\n<td>F\u00edsica I<\/td>\n<th>A\u00d1O 2022 &#8211; <a href=\"https:\/\/pepm-sal.infd.edu.ar\/sitio\/wp-content\/uploads\/2022\/05\/IES-6026-TSHYS-FISICA-I-2022.pdf\">IES 6026-TSHYS- FISICA I 2022<\/a><\/th>\n<\/tr>\n<tr>\n<td>2\u00ba<\/td>\n<td>Carlos Ledesma<\/td>\n<td>F\u00edsica II<\/td>\n<th>A\u00d1O 2022 &#8211; <a href=\"https:\/\/pepm-sal.infd.edu.ar\/sitio\/wp-content\/uploads\/2022\/05\/IES-6026-TSHYS-Fisica-II-2022.pdf\">IES 6026-TSHYS &#8211; Fisica II 2022<\/a><\/th>\n<\/tr>\n<tr>\n<td>2\u00ba<\/td>\n<td>Noelia Mu\u00f1oz<\/td>\n<td>Qu\u00edmica I<\/td>\n<th><a href=\"https:\/\/pepm-sal.infd.edu.ar\/sitio\/wp-content\/uploads\/2021\/02\/QUIMICA-I-NOELIA-MU\u00d1OZ-2\u00ba-T-S-H-Y-S-.pdf\">QUIMICA I &#8211; NOELIA MU\u00d1OZ- 2\u00ba &#8211; T S H Y S<\/a><\/th>\n<\/tr>\n<tr>\n<td>2\u00ba<\/td>\n<td>Cintia Lopez<\/td>\n<td>Control de Contaminaci\u00f3n y Tratam. de Residuos<\/td>\n<th>A\u00d1O 2022 &#8211; <a href=\"https:\/\/pepm-sal.infd.edu.ar\/sitio\/wp-content\/uploads\/2022\/05\/IES-6026-TSHYS-CONTROL-DE-CONTAMINANTES-Y-TRATAMIENTOS-DE-LOS-RESIDUOS-2022.pdf\">IES 6026-TSHYS- CONTROL DE CONTAMINANTES Y TRATAMIENTOS DE LOS RESIDUOS 2022<\/a><\/th>\n<\/tr>\n<tr>\n<td>2\u00ba<\/td>\n<td>Federico Alzogaray<\/td>\n<td>Estudio de Trabajo Y Ergonom\u00eda<\/td>\n<th>A\u00d1O 2022 &#8211; <a href=\"https:\/\/pepm-sal.infd.edu.ar\/sitio\/wp-content\/uploads\/2022\/05\/IES-6026-TSHYS-ESTUDIO-DEL-TRABAJO-Y-ERGONOMIA-2022.pdf\">IES 6026-TSHYS- ESTUDIO DEL TRABAJO Y ERGONOMIA 2022<\/a><\/th>\n<\/tr>\n<tr>\n<td>2\u00ba<\/td>\n<td>Silvina Sosa<\/td>\n<td>Medicina del Trabajo II<\/td>\n<th><a href=\"https:\/\/pepm-sal.infd.edu.ar\/sitio\/wp-content\/uploads\/2022\/05\/IES-6026-TSHYS-MEDICINA-2-2022.pdf\">IES 6026-TSHYS- MEDICINA 2 2022<\/a><\/th>\n<\/tr>\n<tr>\n<td>2\u00ba<\/td>\n<td>Federico Robin<\/td>\n<td>Seguridad II<\/td>\n<th>A\u00d1O 2022 &#8211; <a href=\"https:\/\/pepm-sal.infd.edu.ar\/sitio\/wp-content\/uploads\/2022\/05\/IES-6026-TSHYS-Seguridad-II-2022.pdf\">IES 6026-TSHYS- Seguridad II 2022<\/a><\/th>\n<\/tr>\n<tr>\n<td>2\u00ba<\/td>\n<td>Federico Robin<\/td>\n<td>Seguridad III<\/td>\n<th><\/th>\n<\/tr>\n<tr>\n<td>2\u00ba<\/td>\n<td>Cintia Lopez<\/td>\n<td>Higiene Laboral<\/td>\n<th>A\u00d1O 2022 &#8211; <a href=\"https:\/\/pepm-sal.infd.edu.ar\/sitio\/wp-content\/uploads\/2022\/05\/IES-6026-TSHYS-HIGIENE-LABORAL-2022.pdf\">IES 6026- TSHYS- HIGIENE LABORAL 2022<\/a><\/th>\n<\/tr>\n<tr>\n<td>2\u00ba<\/td>\n<td>Patricia Fernandez<\/td>\n<td>Pr\u00e1ctica Profesional II<\/td>\n<th><a href=\"https:\/\/pepm-sal.infd.edu.ar\/sitio\/wp-content\/uploads\/2020\/05\/PRACTICA-PROFESIONALIZANTE-II-PATRICIA-FERNANDEZ-2\u00ba-A\u00d1O-H-Y-S-ROGRAMA-2020.pdf\">PRACTICA PROFESIONALIZANTE II- PATRICIA FERNANDEZ &#8211; 2\u00ba A\u00d1O H Y S -ROGRAMA 2020<\/a><\/th>\n<\/tr>\n<tr>\n<td>3\u00ba<\/td>\n<td>Rodriguez Angela<\/td>\n<td>Administraci\u00f3n de las Organizaciones<\/td>\n<th>A\u00d1O 2022 &#8211; <a href=\"https:\/\/pepm-sal.infd.edu.ar\/sitio\/wp-content\/uploads\/2022\/05\/IES-6026-TSHYS-ADMINISTRACION-DE-LAS-ORGANIZACIONES-2022.pdf\">IES 6026-TSHYS- ADMINISTRACION DE LAS ORGANIZACIONES 2022<\/a><\/th>\n<\/tr>\n<tr>\n<td>3\u00ba<\/td>\n<td>Paula Goytia<\/td>\n<td>Ingl\u00e9s<\/td>\n<th>A\u00d1O 2022 &#8211; <a href=\"https:\/\/pepm-sal.infd.edu.ar\/sitio\/wp-content\/uploads\/2022\/05\/IES-6026-TSHYS-INGLES-2022.pdf\">IES 6026-TSHYS- INGLES 2022<\/a><\/th>\n<\/tr>\n<tr>\n<td>3\u00ba<\/td>\n<td>Rodriguez Angela<\/td>\n<td>Selecci\u00f3n y Capacitaci\u00f3n<\/td>\n<th>A\u00d1O 2022 &#8211; <a href=\"https:\/\/pepm-sal.infd.edu.ar\/sitio\/wp-content\/uploads\/2022\/05\/IES-6026-TSHYS-SELECCION-Y-CAPACITACION-2022.pdf\">IES 6026-TSHYS- SELECCION Y CAPACITACION 2022<\/a><\/th>\n<\/tr>\n<tr>\n<td>3\u00ba<\/td>\n<td>Noelia Mu\u00f1oz<\/td>\n<td>Qu\u00edmica II<\/td>\n<th>A\u00d1O 2022 &#8211; <a href=\"https:\/\/pepm-sal.infd.edu.ar\/sitio\/wp-content\/uploads\/2022\/05\/IES-6026-TSHYS-Quimica-2-2022.pdf\">IES 6026-TSHYS-Qu\u00edmica 2 2022<\/a><\/th>\n<\/tr>\n<tr>\n<td>3\u00ba<\/td>\n<td>Federico Robin<\/td>\n<td>Higiene I: Ruidos Y Vibraciones<\/td>\n<th>A\u00d1O 2022 &#8211; <a href=\"https:\/\/pepm-sal.infd.edu.ar\/sitio\/wp-content\/uploads\/2022\/05\/IES-6026-TSHYS-Higiene-I-2022.pdf\">IES 6026-TSHYS- Higiene I 2022<\/a><\/th>\n<\/tr>\n<tr>\n<td>3\u00ba<\/td>\n<td>Federico Robin<\/td>\n<td>Higiene II: Iluminaci\u00f3n Y Color<\/td>\n<th>A\u00d1O 2022 &#8211; <a href=\"https:\/\/pepm-sal.infd.edu.ar\/sitio\/wp-content\/uploads\/2022\/05\/IES-6026-TSHYS-Higiene-II-2022.pdf\">IES 6026-TSHYS- Higiene II 2022<\/a><\/th>\n<\/tr>\n<tr>\n<td>3\u00ba<\/td>\n<td>Cintia Lopez<\/td>\n<td>Higiene III: Carga T\u00e9rmica \u2013 Calidad Del Aire<\/td>\n<th>A\u00d1O 2022 &#8211; <a href=\"https:\/\/pepm-sal.infd.edu.ar\/sitio\/wp-content\/uploads\/2022\/05\/IES-6026-TSHYS-HIGIENE-III-2022.pdf\">IES 6026-TSHYS- HIGIENE III 2022<\/a><\/th>\n<\/tr>\n<tr>\n<td>3\u00ba<\/td>\n<td>Federico Alzogaray<\/td>\n<td>Seguridad IV<\/td>\n<th>A\u00d1O 2022 &#8211; <a href=\"https:\/\/pepm-sal.infd.edu.ar\/sitio\/wp-content\/uploads\/2022\/05\/IES-6026-TSHYS-SEGURIDAD-IV-2022.pdf\">IES 6026-TSHYS-SEGURIDAD IV 2022<\/a><\/th>\n<\/tr>\n<tr>\n<td>3\u00ba<\/td>\n<td>Federico Alzogaray<\/td>\n<td>Seguridad V<\/td>\n<th>A\u00d1O 2022 &#8211; <a href=\"https:\/\/pepm-sal.infd.edu.ar\/sitio\/wp-content\/uploads\/2022\/05\/IES-6026-TSHYS-SEGURIDAD-V-2022.pdf\">IES 6026- TSHYS- SEGURIDAD V 2022<\/a><\/th>\n<\/tr>\n<tr>\n<td>3\u00ba<\/td>\n<td>Cintia Lopez<\/td>\n<td>An\u00e1lisis de Riesgos<\/td>\n<th>A\u00d1O 2022 &#8211; <a href=\"https:\/\/pepm-sal.infd.edu.ar\/sitio\/wp-content\/uploads\/2022\/05\/IES-6026-TSHYS-ANALISIS-DE-RIESGO-2022.pdf\">IES 6026- TSHYS- ANALISIS DE RIESGO 2022<\/a><\/th>\n<\/tr>\n<tr>\n<td>3\u00ba<\/td>\n<td>Patricia Fernandez<\/td>\n<td>Pr\u00e1ctica Profesional III<\/p>\n<p style=\"text-align: center;\"><span style=\"color: #ff0000;\">\u00a0<\/span><\/p>\n<\/td>\n<th>A\u00d1O 2022 &#8211; <a href=\"https:\/\/pepm-sal.infd.edu.ar\/sitio\/wp-content\/uploads\/2022\/05\/IES-6026-TSHYS-PP3-2022.pdf\">IES 6026-TSHYS &#8211; PP3 2022<\/a><\/th>\n<\/tr>\n<\/tbody>\n<\/table>\n","protected":false},"excerpt":{"rendered":"<p>Curso Profe Materia Programa 1\u00ba Paula Goytia Comprensi\u00f3n de Textos A\u00d1O 2022 &#8211; IES 6026-TSHYS- COMPRESION DE TEXTO 2022 1\u00ba Liliana Pistan Organizaci\u00f3n Industrial A\u00d1O 2022 &#8211; IES 6026-TSHYS- ORGANIZACION INDUSTRIAL2022 1\u00ba Adelma Yanes Psicolog\u00eda Laboral A\u00d1O 2022 &#8211; IES 6026- TSHYS Psicolog\u00eda Laboral 2022 1\u00ba David Gutierrez Sociolog\u00eda \u00a0 A\u00d1O 2022 &#8211; IES 6026-TSHYS &#8230; <a title=\"Programas de cada Materia (Tecnicatura Higiene)\" class=\"read-more\" href=\"https:\/\/pepm-sal.infd.edu.ar\/sitio\/programas-de-las-materias-tecnico\/\" aria-label=\"More on Programas de cada Materia (Tecnicatura Higiene)\">[+]<\/a><\/p>\n","protected":false},"author":10,"featured_media":0,"parent":0,"menu_order":0,"comment_status":"closed","ping_status":"closed","template":"","meta":[],"acf":[],"_links":{"self":[{"href":"https:\/\/pepm-sal.infd.edu.ar\/sitio\/wp-json\/wp\/v2\/pages\/2126"}],"collection":[{"href":"https:\/\/pepm-sal.infd.edu.ar\/sitio\/wp-json\/wp\/v2\/pages"}],"about":[{"href":"https:\/\/pepm-sal.infd.edu.ar\/sitio\/wp-json\/wp\/v2\/types\/page"}],"author":[{"embeddable":true,"href":"https:\/\/pepm-sal.infd.edu.ar\/sitio\/wp-json\/wp\/v2\/users\/10"}],"replies":[{"embeddable":true,"href":"https:\/\/pepm-sal.infd.edu.ar\/sitio\/wp-json\/wp\/v2\/comments?post=2126"}],"version-history":[{"count":26,"href":"https:\/\/pepm-sal.infd.edu.ar\/sitio\/wp-json\/wp\/v2\/pages\/2126\/revisions"}],"predecessor-version":[{"id":2932,"href":"https:\/\/pepm-sal.infd.edu.ar\/sitio\/wp-json\/wp\/v2\/pages\/2126\/revisions\/2932"}],"wp:attachment":[{"href":"https:\/\/pepm-sal.infd.edu.ar\/sitio\/wp-json\/wp\/v2\/media?parent=2126"}],"curies":[{"name":"wp","href":"https:\/\/api.w.org\/{rel}","templated":true}]}}