{"id":2137,"date":"2020-07-30T19:40:13","date_gmt":"2020-07-30T22:40:13","guid":{"rendered":"https:\/\/pepm-sal.infd.edu.ar\/sitio\/?page_id=2137"},"modified":"2022-05-09T20:30:47","modified_gmt":"2022-05-09T23:30:47","slug":"programas-de-cada-materia-biologia","status":"publish","type":"page","link":"https:\/\/pepm-sal.infd.edu.ar\/sitio\/programas-de-cada-materia-biologia\/","title":{"rendered":"Programas de cada Materia (Prof. Biolog\u00eda)"},"content":{"rendered":"<table>\n<tbody>\n<tr>\n<th>Curso<\/th>\n<th>Profe<\/th>\n<th>Materia<\/th>\n<th>Programa<\/th>\n<\/tr>\n<tr>\n<td>1\u00ba<\/td>\n<td>ARIEL MU\u00d1OZ<\/td>\n<td>Pedagog\u00eda<\/td>\n<th>2021 &#8211; <a href=\"https:\/\/pepm-sal.infd.edu.ar\/sitio\/wp-content\/uploads\/2021\/05\/Formato-Programa-Pedagog\u00eda-Biolog\u00eda-2021-1.docx\">Formato Programa Pedagog\u00eda Biolog\u00eda 2021<\/a><\/th>\n<\/tr>\n<tr>\n<td>1\u00ba<\/td>\n<td>NATALIA AUTINO<\/td>\n<td>Did\u00e1ctica Gral.<\/td>\n<th>2021 &#8211; <a href=\"https:\/\/pepm-sal.infd.edu.ar\/sitio\/wp-content\/uploads\/2021\/05\/PROGRAMA-2021-DIDACTICA-GENERAL-1.docx\">PROGRAMA 2021-DIDACTICA GENERAL<\/a><\/th>\n<\/tr>\n<tr>\n<td>1\u00ba<\/td>\n<td>ARIEL MU\u00d1OZ<\/td>\n<td>Psicolog\u00eda Educacional<\/td>\n<th>2021 &#8211; <a href=\"https:\/\/pepm-sal.infd.edu.ar\/sitio\/wp-content\/uploads\/2021\/05\/Formato-Programa-Psicolog\u00eda-para-Biolog\u00eda-2021.doc\">Formato Programa Psicolog\u00eda para Biolog\u00eda 2021<\/a><\/th>\n<\/tr>\n<tr>\n<td>1\u00ba<\/td>\n<td>LAURA BIAZUTTI<\/td>\n<td>Lectura y Escritura Acad\u00e9mica<\/td>\n<th>2022 &#8211; <a href=\"https:\/\/pepm-sal.infd.edu.ar\/sitio\/wp-content\/uploads\/2022\/05\/6026-lectura-y-escritura-academica-programa-Biologia-2022.docx\">6026 lectura y escritura academica programa -Biolog\u00eda 2022<\/a><\/th>\n<\/tr>\n<tr>\n<td>1\u00ba<\/td>\n<td>GIMENA FERNANDEZ<\/td>\n<td>Biolog\u00eda General<\/td>\n<th>2022 &#8211; <a href=\"https:\/\/pepm-sal.infd.edu.ar\/sitio\/wp-content\/uploads\/2022\/05\/Programa-2022-Biologia-General.docx\">Programa 2022 Biologia General<\/a><\/th>\n<\/tr>\n<tr>\n<td>1\u00ba<\/td>\n<td>NOELIA SILVA<\/td>\n<td>Matem\u00e1tica y Estad\u00edstica<\/td>\n<th>2022 &#8211; <a href=\"https:\/\/pepm-sal.infd.edu.ar\/sitio\/wp-content\/uploads\/2022\/05\/PROGRAMA-matematica-y-estadistica-2022.docx\">PROGRAMA matematica y estadistica 2022<\/a><\/th>\n<\/tr>\n<tr>\n<td>1\u00ba<\/td>\n<td>NOELIA MU\u00d1OZ<\/td>\n<td>Qu\u00edmica General<\/td>\n<th>2022 &#8211; <a href=\"https:\/\/pepm-sal.infd.edu.ar\/sitio\/wp-content\/uploads\/2022\/05\/Programa-Quimica-General-2022-ABRIL.pdf\">Programa Quimica General 2022- ABRIL<\/a><\/th>\n<\/tr>\n<tr>\n<td>1\u00ba<\/td>\n<td>GIMENA FERNANDEZ<\/td>\n<td>F\u00edsica Aplicada a la Biolog\u00eda<\/td>\n<th>2022 &#8211; <a href=\"https:\/\/pepm-sal.infd.edu.ar\/sitio\/wp-content\/uploads\/2022\/05\/PROGRAMA-FISICA-APLICADA-A-LA-BIOLOGIA-ROSAS.pdf\">PROGRAMA F\u00cdSICA APLICADA A LA BIOLOG\u00cdA ROSAS<\/a><\/th>\n<\/tr>\n<tr>\n<td>1\u00ba<\/td>\n<td>ADELMA YANES<\/td>\n<td>Pr\u00e1ctica Docente I: Contexto, Comunidad y Escuela<\/td>\n<th>2022 &#8211; <a href=\"https:\/\/pepm-sal.infd.edu.ar\/sitio\/wp-content\/uploads\/2022\/05\/BIOLOGIA-2022-proyecto-1er-ano-PRACT-I.doc\">BIOLOGIA-2022-proyecto-1er a\u00f1o- PRACT I<\/a><\/th>\n<\/tr>\n<tr>\n<td>2\u00ba<\/td>\n<td><\/td>\n<td>Sociolog\u00eda de la Educaci\u00f3n<\/td>\n<th><\/th>\n<\/tr>\n<tr>\n<td>2\u00ba<\/td>\n<td>ALFONSINA BARRAZA<\/td>\n<td>Historia Argentina y Latinoam\u00e9rica<\/td>\n<th>2022 &#8211; <a href=\"https:\/\/pepm-sal.infd.edu.ar\/sitio\/wp-content\/uploads\/2022\/05\/PROGRAMA-Historia-Argentina-y-Latinoamericana-2022.docx\">PROGRAMA Historia Argentina y Latinoamericana 2022<\/a><\/th>\n<\/tr>\n<tr>\n<td>2\u00ba<\/td>\n<td>GRACIELA SANDOVAL<\/td>\n<td>Tecnolog\u00eda de la Informaci\u00f3n y Comunicaci\u00f3n Tics<\/td>\n<th>2021 &#8211; <a href=\"https:\/\/pepm-sal.infd.edu.ar\/sitio\/wp-content\/uploads\/2021\/09\/Programa_TIC_BIOLOGIA_2021-1.docx\">Programa_TIC_BIOLOGIA_2021<\/a><\/th>\n<\/tr>\n<tr>\n<td>2\u00ba<\/td>\n<td>ARIEL MU\u00d1OZ<\/td>\n<td>Sujetos de la Educaci\u00f3n<\/td>\n<th>2021 &#8211; <a href=\"https:\/\/pepm-sal.infd.edu.ar\/sitio\/wp-content\/uploads\/2021\/05\/Formato-Programa-Sujeto-de-la-educaci\u00f3n-2021.doc\">Formato Programa Sujeto de la educaci\u00f3n 2021<\/a><\/th>\n<\/tr>\n<tr>\n<td>2\u00ba<\/td>\n<td>DIEGO LOPEZ SPHAR<\/td>\n<td>Morfolog\u00eda y Diversidad Vegetal<\/td>\n<th>2022 &#8211; <a href=\"https:\/\/pepm-sal.infd.edu.ar\/sitio\/wp-content\/uploads\/2022\/05\/PROGRAMA-MORF.-Y-DIV.-VEGETAL-2022.docx\">PROGRAMA MORF. Y DIV. VEGETAL 2022<\/a><\/th>\n<\/tr>\n<tr>\n<td>2\u00ba<\/td>\n<td>VILMA ARIAS<\/td>\n<td>Ciencias de la Tierra<\/td>\n<th>2022 &#8211; <a href=\"https:\/\/pepm-sal.infd.edu.ar\/sitio\/wp-content\/uploads\/2022\/05\/programa-de-Cs.-de-la-Tierra-2022.doc\">programa de Cs. de la Tierra 2022<\/a><\/th>\n<\/tr>\n<tr>\n<td>2\u00ba<\/td>\n<td>NOELIA MU\u00d1OZ<\/td>\n<td>Qu\u00edmica Org\u00e1nica y Biolog\u00eda<\/td>\n<th>2022 &#8211; <a href=\"https:\/\/pepm-sal.infd.edu.ar\/sitio\/wp-content\/uploads\/2022\/05\/programa-quimica-organica-y-biologica.docx\">programa qu\u00ecmica org\u00e0nica y biol\u00f2gica<\/a><\/th>\n<\/tr>\n<tr>\n<td>2\u00ba<\/td>\n<td>CAROLINA YA\u00d1EZ<\/td>\n<td>Did\u00e1ctica de la Biolog\u00eda y de las Ciencias Naturales<\/td>\n<th>2022 &#8211; <a href=\"https:\/\/pepm-sal.infd.edu.ar\/sitio\/wp-content\/uploads\/2022\/05\/PROGRAMA-2022-DIDACTICA-DE-LA-BIOLOGIA-Y-DE-LAS-CIENCIAS-NATURALES.docx\">PROGRAMA 2022 DID\u00c1CTICA DE LA BIOLOGIA Y DE LAS CIENCIAS NATURALES<\/a><\/th>\n<\/tr>\n<tr>\n<td>2\u00ba<\/td>\n<td>BEATRIZ VEGAADELMA YANES<\/td>\n<td>Pr\u00e1ctica Docente II: Gesti\u00f3n Institucional, Curriculum y<\/td>\n<th>2022 &#8211; <a href=\"https:\/\/pepm-sal.infd.edu.ar\/sitio\/wp-content\/uploads\/2022\/05\/PRACTICA-DOCENTE-II-PROFESORADO-BIOLOGIA-PROGRAMA-2022.docx\">PR\u00c1CTICA DOCENTE II &#8211; PROFESORADO BIOLOG\u00cdA &#8211; PROGRAMA 2022<\/a><\/th>\n<\/tr>\n<tr>\n<td>3\u00ba<\/td>\n<td><\/td>\n<td>Historia Y Pol\u00edtica de la Educaci\u00f3n Argentina<\/td>\n<th>2022 &#8211; <a href=\"https:\/\/pepm-sal.infd.edu.ar\/sitio\/wp-content\/uploads\/2022\/05\/PROGRAMA-DE-HISTORIA-Y-POLITICA-6026.docx\">PROGRAMA DE HISTORIA Y POL\u00cdTICA 6026<\/a><\/th>\n<\/tr>\n<tr>\n<td>3\u00ba<\/td>\n<td>EDGARDO FERREYA<\/td>\n<td>Filosof\u00eda<\/td>\n<th>2021 &#8211; <a href=\"https:\/\/pepm-sal.infd.edu.ar\/sitio\/wp-content\/uploads\/2021\/09\/PROF.-BIOLOGIA.-PROGRAMA-FILOSOFIA-ANO-2021-FERREYRA-EDGARDO..docx\">PROF. BIOLOG\u00cdA. PROGRAMA FILOSOF\u00cdA-A\u00d1O 2021-FERREYRA EDGARDO.<\/a><\/th>\n<\/tr>\n<tr>\n<td>3\u00ba<\/td>\n<td>MARTIN MATORRAS<\/td>\n<td>Inclusi\u00f3n Educativa en el Nivel Secundario<\/td>\n<th>2021 &#8211; <a href=\"https:\/\/pepm-sal.infd.edu.ar\/sitio\/wp-content\/uploads\/2021\/05\/Programa-2021-INCLUSION-EDUCATIVA.pdf\">Programa 2021 INCLUSION EDUCATIVA<\/a><\/th>\n<\/tr>\n<tr>\n<td>3\u00ba<\/td>\n<td>MATIAS QUIPILDOR<\/td>\n<td>Morfolog\u00eda y Diversidad Animal<\/td>\n<th>2022 &#8211; <a href=\"https:\/\/pepm-sal.infd.edu.ar\/sitio\/wp-content\/uploads\/2022\/05\/Planificacion_diversidad-y-morfologia-de-los-animales.docx\">Planificacion_diversidad y morfologia de los animales<\/a><\/th>\n<\/tr>\n<tr>\n<td>3\u00ba<\/td>\n<td>ROLANDO VERA<\/td>\n<td>Gen\u00e9tica<\/td>\n<th>2022 &#8211; <a href=\"https:\/\/pepm-sal.infd.edu.ar\/sitio\/wp-content\/uploads\/2022\/05\/Planificacion_Genetica.docx\">Planificacion_Genetica<\/a><\/th>\n<\/tr>\n<tr>\n<td>3\u00ba<\/td>\n<td>MATIAS QUIPILDOR<\/td>\n<td>Biolog\u00eda Celular y Molecular<\/td>\n<th>2022 &#8211; <a href=\"https:\/\/pepm-sal.infd.edu.ar\/sitio\/wp-content\/uploads\/2022\/05\/programa-2022-Biologia-Celular.docx\">programa 2022 Biologia Celular<\/a><\/th>\n<\/tr>\n<tr>\n<td>3\u00ba<\/td>\n<td>CLAUDIA GOMEZ<\/td>\n<td>Fisiolog\u00eda Vegetal<\/td>\n<th>2022 &#8211; <a href=\"https:\/\/pepm-sal.infd.edu.ar\/sitio\/wp-content\/uploads\/2022\/05\/PROGRAMA-2022-FISIO-VEG.-C.GOMEZ_.docx\">PROGRAMA 2022 FISIO VEG. C.GOMEZ<\/a><\/th>\n<\/tr>\n<tr>\n<td>3\u00ba<\/td>\n<td>CAROLINA YA\u00d1EZNATALIA AUTINO<\/td>\n<td>Pr\u00e1ctica Docente III: Pr\u00e1cticas de Ense\u00f1anza<\/td>\n<th>2022 &#8211; <a href=\"https:\/\/pepm-sal.infd.edu.ar\/sitio\/wp-content\/uploads\/2022\/05\/PROGRAMA-2022-PRACTICA-DOCENTE-III.docx\">PROGRAMA 2022 PRACTICA DOCENTE III<\/a><\/th>\n<\/tr>\n<tr>\n<td>3\u00ba<\/td>\n<td>CLAUDIA BORJA<\/td>\n<td>Microbiolog\u00eda Y Micolog\u00eda<\/td>\n<th>2021 &#8211; <a href=\"https:\/\/pepm-sal.infd.edu.ar\/sitio\/wp-content\/uploads\/2021\/09\/PROF.BIOLOGIA-PROGRAMA-2021-MICROBIOLOGIA-y-MICOLOGIA-3\u00b0ANO-PROF.-BORJA-CLAUDIA.pdf\">PROF.BIOLOGIA, PROGRAMA 2021, MICROBIOLOG\u00cdA y MICOLOG\u00cdA, 3\u00b0A\u00d1O, PROF. BORJA CLAUDIA<\/a><\/th>\n<\/tr>\n<tr>\n<td>4\u00ba<\/td>\n<td>EDGARDO FERREYRA<\/td>\n<td>Formaci\u00f3n \u00c9tica y Ciudadana<\/td>\n<th>2021 &#8211; <a href=\"https:\/\/pepm-sal.infd.edu.ar\/sitio\/wp-content\/uploads\/2021\/09\/PROF.-BIOLOGIA.-FORMACION-ETICA-Y-CIUDADANA-ANO-2021-FERREYRA-EDGARDO..docx\">PROF. BIOLOG\u00cdA. FORMACI\u00d3N \u00c9TICA Y CIUDADANA-A\u00d1O 2021-FERREYRA EDGARDO.<\/a><\/th>\n<\/tr>\n<tr>\n<td>4\u00ba<\/td>\n<td>NATALIA AUTINO<\/td>\n<td>Educaci\u00f3n Sexual Integral<\/td>\n<th>2021 &#8211; <a href=\"https:\/\/pepm-sal.infd.edu.ar\/sitio\/wp-content\/uploads\/2021\/05\/PROGRAMA-2021-biolog\u00eda-ESI.docx\">PROGRAMA 2021-biolog\u00eda- ESI<\/a><\/th>\n<\/tr>\n<tr>\n<td>4\u00ba<\/td>\n<td>DIEGO LOPEZ SPHAR<\/td>\n<td>Problem\u00e1ticas de la Ense\u00f1anza de la Biolog\u00eda<\/td>\n<th>2022 &#8211; <a href=\"https:\/\/pepm-sal.infd.edu.ar\/sitio\/wp-content\/uploads\/2022\/05\/PROGRAMA-PROBLEM.-ENS.-DE-LA-BIOL.-2022.docx\">PROGRAMA PROBLEM. ENS. DE LA BIOL. 2022<\/a><\/th>\n<\/tr>\n<tr>\n<td>4\u00ba<\/td>\n<td>ROLANDO VERA<\/td>\n<td>Evoluci\u00f3n<\/td>\n<th>2022 &#8211; <a href=\"https:\/\/pepm-sal.infd.edu.ar\/sitio\/wp-content\/uploads\/2022\/05\/PROF.-DE-BIOLOGIA-PROGRAMA-EVOLUCION-2022-PROF-ROLANDO-VERA-2022.docx-pdf.pdf\">PROF. DE BIOLOG\u00cdA- PROGRAMA EVOLUCION 2022 &#8211; PROF ROLANDO VERA 2022.docx pdf<\/a><\/th>\n<\/tr>\n<tr>\n<td>4\u00ba<\/td>\n<td>DIEGO LOPEZ SPHAR<\/td>\n<td>Ecolog\u00eda y Etolog\u00eda<\/td>\n<th>2022 &#8211; <a href=\"https:\/\/pepm-sal.infd.edu.ar\/sitio\/wp-content\/uploads\/2022\/05\/PROGRAMA-ECOLOGIA-Y-ETOLOGIA-2022.docx\">PROGRAMA ECOLOGIA Y ETOLOGIA 2022<\/a><\/th>\n<\/tr>\n<tr>\n<td>4\u00ba<\/td>\n<td>DANIELA VAZQUEZ<\/td>\n<td>Fisiolog\u00eda Humana y Animal<\/td>\n<th>2022 &#8211; <a href=\"https:\/\/pepm-sal.infd.edu.ar\/sitio\/wp-content\/uploads\/2022\/05\/PROGRAMA-2022-de-Fisiologia-humana-y-animal-4to-ano-Prof-de-Biologia.doc\">PROGRAMA 2022 de Fisiolog\u00eda humana y animal 4to a\u00f1o Prof de Biolog\u00eda<\/a><\/th>\n<\/tr>\n<tr>\n<td>4\u00ba<\/td>\n<td>CLAUDIA BORJA<\/td>\n<td>Educaci\u00f3n Sanitaria y Ambiental<\/td>\n<th>2022 &#8211; <a href=\"https:\/\/pepm-sal.infd.edu.ar\/sitio\/wp-content\/uploads\/2022\/05\/PROGRAMA-2022-EDU-SANITARIA.docx\">PROGRAMA 2022 EDU SANITARIA<\/a><\/th>\n<\/tr>\n<tr>\n<td>4\u00ba<\/td>\n<td>GIMENA FERNANDEZ<\/td>\n<td>Investigaci\u00f3n Cient\u00edfica en el Contexto Escolar<\/td>\n<th><a href=\"https:\/\/pepm-sal.infd.edu.ar\/sitio\/wp-content\/uploads\/2020\/10\/PROF.-BIOLOGIA-PROGRAMA-2020-INVESTIGACION-CIENTIFICA-4TOA\u00d1O-GIMENA-FERNANDEZ.pdf\">PROF. BIOLOGIA, PROGRAMA 2020, INVESTIGACION CIENTIFICA-4TOA\u00d1O-GIMENA FERNANDEZ<\/a><\/th>\n<\/tr>\n<tr>\n<td>4\u00ba<\/td>\n<td>EDGARDO FERREYRA<\/td>\n<td>Epistemolog\u00eda de la Cs. Naturales e Historia de la Biolog\u00eda<\/td>\n<th>2021 &#8211; <a href=\"https:\/\/pepm-sal.infd.edu.ar\/sitio\/wp-content\/uploads\/2021\/09\/PROF.-BIOLOGIA-PROGRAMA-EPISTEMOLOGIA-DE-LAS-CIENCIAS-NATURALES-E-HISTORIA-DE-LA-BIOLOGIA-ANO-2021-FERREYRA-EDGARDO..docx\">PROF. BIOLOG\u00cdA-PROGRAMA-EPISTEMOLOG\u00cdA DE LAS CIENCIAS NATURALES E HISTORIA DE LA BIOLOG\u00cdA-A\u00d1O 2021-FERREYRA EDGARDO.<\/a><\/th>\n<\/tr>\n<tr>\n<td>4\u00ba<\/td>\n<td>CAROLINA YA\u00d1EZESTELA BARRIONUEVO<\/td>\n<td>Pr\u00e1ctica Docente IV: Residencia<\/td>\n<th>2021 &#8211; <a href=\"https:\/\/pepm-sal.infd.edu.ar\/sitio\/wp-content\/uploads\/2021\/05\/PROGRAMA-2021-PRACTICA-DOCENTE-IV.pdf\">PROGRAMA 2021 PRACTICA DOCENTE IV<\/a><\/th>\n<\/tr>\n<\/tbody>\n<\/table>\n<p><!--more--><\/p>\n","protected":false},"excerpt":{"rendered":"<p>Curso Profe Materia Programa 1\u00ba ARIEL MU\u00d1OZ Pedagog\u00eda 2021 &#8211; Formato Programa Pedagog\u00eda Biolog\u00eda 2021 1\u00ba NATALIA AUTINO Did\u00e1ctica Gral. 2021 &#8211; PROGRAMA 2021-DIDACTICA GENERAL 1\u00ba ARIEL MU\u00d1OZ Psicolog\u00eda Educacional 2021 &#8211; Formato Programa Psicolog\u00eda para Biolog\u00eda 2021 1\u00ba LAURA BIAZUTTI Lectura y Escritura Acad\u00e9mica 2022 &#8211; 6026 lectura y escritura academica programa -Biolog\u00eda 2022 &#8230; <a title=\"Programas de cada Materia (Prof. Biolog\u00eda)\" class=\"read-more\" href=\"https:\/\/pepm-sal.infd.edu.ar\/sitio\/programas-de-cada-materia-biologia\/\" aria-label=\"More on Programas de cada Materia (Prof. Biolog\u00eda)\">[+]<\/a><\/p>\n","protected":false},"author":10,"featured_media":0,"parent":0,"menu_order":0,"comment_status":"closed","ping_status":"closed","template":"","meta":[],"acf":[],"_links":{"self":[{"href":"https:\/\/pepm-sal.infd.edu.ar\/sitio\/wp-json\/wp\/v2\/pages\/2137"}],"collection":[{"href":"https:\/\/pepm-sal.infd.edu.ar\/sitio\/wp-json\/wp\/v2\/pages"}],"about":[{"href":"https:\/\/pepm-sal.infd.edu.ar\/sitio\/wp-json\/wp\/v2\/types\/page"}],"author":[{"embeddable":true,"href":"https:\/\/pepm-sal.infd.edu.ar\/sitio\/wp-json\/wp\/v2\/users\/10"}],"replies":[{"embeddable":true,"href":"https:\/\/pepm-sal.infd.edu.ar\/sitio\/wp-json\/wp\/v2\/comments?post=2137"}],"version-history":[{"count":70,"href":"https:\/\/pepm-sal.infd.edu.ar\/sitio\/wp-json\/wp\/v2\/pages\/2137\/revisions"}],"predecessor-version":[{"id":2871,"href":"https:\/\/pepm-sal.infd.edu.ar\/sitio\/wp-json\/wp\/v2\/pages\/2137\/revisions\/2871"}],"wp:attachment":[{"href":"https:\/\/pepm-sal.infd.edu.ar\/sitio\/wp-json\/wp\/v2\/media?parent=2137"}],"curies":[{"name":"wp","href":"https:\/\/api.w.org\/{rel}","templated":true}]}}