{"id":2146,"date":"2020-07-30T19:56:59","date_gmt":"2020-07-30T22:56:59","guid":{"rendered":"https:\/\/pepm-sal.infd.edu.ar\/sitio\/?page_id=2146"},"modified":"2022-11-22T19:32:03","modified_gmt":"2022-11-22T22:32:03","slug":"programa-de-cada-materia-ingles","status":"publish","type":"page","link":"https:\/\/pepm-sal.infd.edu.ar\/sitio\/programa-de-cada-materia-ingles\/","title":{"rendered":"Programa de cada Materia (Prof. Ingl\u00e9s)"},"content":{"rendered":"<table>\n<tbody>\n<tr>\n<th><span style=\"color: #0000ff;\">Curso<\/span><\/th>\n<th><span style=\"color: #0000ff;\">Profe<\/span><\/th>\n<th><span style=\"color: #0000ff;\">Materia<\/span><\/th>\n<th><span style=\"color: #0000ff;\">Programa<\/span><\/th>\n<\/tr>\n<tr>\n<td>1\u00ba<\/td>\n<td>Prof. Ariel Mu\u00f1oz<\/td>\n<td>Pedagog\u00eda<\/td>\n<th><a href=\"https:\/\/pepm-sal.infd.edu.ar\/sitio\/wp-content\/uploads\/2020\/05\/Programa-2020-Pedagog\u00eda-Prof-Mu\u00f1oz.docx\">Programa 2020 Pedagog\u00eda Prof Mu\u00f1oz<\/a><\/th>\n<\/tr>\n<tr>\n<td>1\u00ba<\/td>\n<td><\/td>\n<td>Psicolog\u00eda Educacional<\/td>\n<th><\/th>\n<\/tr>\n<tr>\n<td>1\u00ba<\/td>\n<td>Prof. Natalia Autino<\/td>\n<td>Did\u00e1ctica General<\/td>\n<th><a href=\"https:\/\/pepm-sal.infd.edu.ar\/sitio\/wp-content\/uploads\/2020\/05\/Programa-2020-Did\u00e1ctica-General-Prof-Autino.docx\">Programa 2020 Did\u00e1ctica General Prof Autino<\/a><\/th>\n<\/tr>\n<tr>\n<td>1\u00ba<\/td>\n<td><\/td>\n<td>Lectura y escritura acad\u00e9mica en Lengua Castellana<\/td>\n<th><\/th>\n<\/tr>\n<tr>\n<td>1\u00ba<\/td>\n<td>Prof. Miriam Mercado<\/p>\n<p>Prof. Paula Goytia<\/td>\n<td>Lengua Inglesa I<\/td>\n<th><a href=\"https:\/\/pepm-sal.infd.edu.ar\/sitio\/wp-content\/uploads\/2020\/05\/PROGRAMA-2020-Lengua-Inglesa-I-Prof-Mercado.docx\">PROGRAMA 2020 Lengua Inglesa I Prof Mercado<\/a><\/th>\n<\/tr>\n<tr>\n<td>1\u00ba<\/td>\n<td>Prof. Miriam Mercado<\/p>\n<p>Prof. Paula Goytia<\/td>\n<td>Gram\u00e1tica Inglesa I<\/td>\n<th><a href=\"https:\/\/pepm-sal.infd.edu.ar\/sitio\/wp-content\/uploads\/2020\/05\/Programa-2020-Gram\u00e1tica-Inglesa-I-Prof-Goytia.docx\">Programa 2020 Gram\u00e1tica Inglesa I Prof Goytia<\/a><\/th>\n<\/tr>\n<tr>\n<td>1\u00ba<\/td>\n<td>Prof. Mar\u00eda Eugenia<\/p>\n<p>Labroussans<\/td>\n<td>Fon\u00e9tica Inglesa I<\/td>\n<th><\/th>\n<\/tr>\n<tr>\n<td>1\u00ba<\/td>\n<td>Prof. Beatriz Vega<\/p>\n<p>Prof. Adelma Yanes<\/td>\n<td>Pr\u00e1ctica Docente I: contexto, comunidad y Escuela<\/td>\n<th><a href=\"https:\/\/pepm-sal.infd.edu.ar\/sitio\/wp-content\/uploads\/2020\/05\/Programa-2020-Pr\u00e1ctica-I-Prof-Yanes-Vega.docx\">Programa 2020 Pr\u00e1ctica I Prof Yanes Vega<\/a><\/th>\n<\/tr>\n<tr>\n<td>2\u00ba<\/td>\n<td><\/td>\n<td>Historia Argentina Y Latinoamericana<\/td>\n<th><\/th>\n<\/tr>\n<tr>\n<td>2\u00ba<\/td>\n<td>Prof. Ariel Mu\u00f1oz<\/td>\n<td>Sociolog\u00eda de la Educaci\u00f3n<\/td>\n<th><a href=\"https:\/\/pepm-sal.infd.edu.ar\/sitio\/wp-content\/uploads\/2020\/05\/Programa-2020-Sociolog\u00eda-de-la-Educaci\u00f3n-Prof-Mu\u00f1oz.docx\">Programa 2020 Sociolog\u00eda de la Educaci\u00f3n Prof Mu\u00f1oz<\/a><\/th>\n<\/tr>\n<tr>\n<td>2\u00ba<\/td>\n<td><\/td>\n<td>Tecnolog\u00eda de la Informaci\u00f3n y la Comunicaci\u00f3n<\/td>\n<th><\/th>\n<\/tr>\n<tr>\n<td>2\u00ba<\/td>\n<td>Prof. Jorge Lemos<\/td>\n<td>Lengua Inglesa II<\/td>\n<th><a href=\"https:\/\/pepm-sal.infd.edu.ar\/sitio\/wp-content\/uploads\/2020\/05\/PROGRAMA-2020-Lengua-Inglesa-II-Prof-Lemos.docx\">PROGRAMA 2020 Lengua Inglesa II Prof Lemos<\/a><\/th>\n<\/tr>\n<tr>\n<td>2\u00ba<\/td>\n<td><\/td>\n<td>Gram\u00e1tica Inglesa II<\/td>\n<th><a href=\"https:\/\/pepm-sal.infd.edu.ar\/sitio\/wp-content\/uploads\/2020\/05\/PROGRAMA-2020-Gram\u00e1tica-Inglesa-II-Prof-Lemos.docx\">PROGRAMA 2020 Gram\u00e1tica Inglesa II Prof Lemos<\/a><\/th>\n<\/tr>\n<tr>\n<td>2\u00ba<\/td>\n<td>Prof. Mar\u00eda Eugenia<\/p>\n<p>Labroussans<\/td>\n<td>Fon\u00e9tica Inglesa II<\/td>\n<th><\/th>\n<\/tr>\n<tr>\n<td>2\u00ba<\/td>\n<td>Prof. David Galv\u00e1n<\/td>\n<td>Sujetos de la Educaci\u00f3n<\/td>\n<th><a href=\"https:\/\/pepm-sal.infd.edu.ar\/sitio\/wp-content\/uploads\/2020\/05\/Proograma-2020-Sujetos-de-la-Educaci\u00f3n-Prof-Galv\u00e1n.docx\">Proograma 2020 Sujetos de la Educaci\u00f3n Prof Galv\u00e1n<\/a><\/th>\n<\/tr>\n<tr>\n<td>2\u00ba<\/td>\n<td>Prof. Nuria Arias<\/td>\n<td>Producci\u00f3n de Textos<\/td>\n<th><a href=\"https:\/\/pepm-sal.infd.edu.ar\/sitio\/wp-content\/uploads\/2020\/05\/Programa-Taller-de-Producci\u00f3n-de-Textos-Prof-Arias.docx\">Programa Taller de Producci\u00f3n de Textos Prof Arias<\/a><\/th>\n<\/tr>\n<tr>\n<td>2\u00ba<\/td>\n<td>Prof. Mart\u00edn Matorras<\/p>\n<p>Prof. Ariel Mu\u00f1oz<\/td>\n<td>Pr\u00e1ctica Docente II: Gesti\u00f3n Institucional, curriculum y Ense\u00f1anza<\/td>\n<th><\/th>\n<\/tr>\n<tr>\n<td>3\u00ba<\/td>\n<td><\/td>\n<td>Historia y Pol\u00edtica de la Educaci\u00f3n Argentina<\/td>\n<th><\/th>\n<\/tr>\n<tr>\n<td>3\u00ba<\/td>\n<td>Prof. Florencia S\u00e1nchez<\/td>\n<td>Educaci\u00f3n Sexual Integral<\/td>\n<th><a href=\"https:\/\/pepm-sal.infd.edu.ar\/sitio\/wp-content\/uploads\/2022\/11\/PROGRAMA_2022_-PROF.-INGLES-_SEMINARIO_DE_ESI.docx.pdf\">PROGRAMA_2022_ PROF. INGLES-_SEMINARIO_DE_ESI.docx<\/a><\/th>\n<\/tr>\n<tr>\n<td>3\u00ba<\/td>\n<td><\/td>\n<td>Filosof\u00eda<\/td>\n<th><\/th>\n<\/tr>\n<tr>\n<td>3\u00ba<\/td>\n<td><\/td>\n<td>Historia de la Cultura I<\/td>\n<th><\/th>\n<\/tr>\n<tr>\n<td>3\u00ba<\/td>\n<td><\/td>\n<td>Lengua Inglesa III<\/td>\n<th><\/th>\n<\/tr>\n<tr>\n<td>3\u00ba<\/td>\n<td><\/td>\n<td>Literatura de la Lengua Inglesa I<\/td>\n<th><\/th>\n<\/tr>\n<tr>\n<td>3\u00ba<\/td>\n<td><\/td>\n<td>Ling\u00fc\u00edstica<\/td>\n<th><\/th>\n<\/tr>\n<tr>\n<td>3\u00ba<\/td>\n<td><\/td>\n<td>Did\u00e1ctica Especial de la Lengua Inglesa en el Nivel Inicial y Educaci\u00f3n Primaria<\/td>\n<th><\/th>\n<\/tr>\n<tr>\n<td>3\u00ba<\/td>\n<td><\/td>\n<td>Did\u00e1ctica Especial de la Lengua Inglesa en el Nivel Secundario y Modalidades<\/td>\n<th><\/th>\n<\/tr>\n<tr>\n<td>3\u00ba<\/td>\n<td><\/td>\n<td>Pr\u00e1ctica Docente III: Practica y Residencia en el Nivel Inicial y Primario<\/td>\n<th><\/th>\n<\/tr>\n<tr>\n<td>4\u00ba<\/td>\n<td><\/td>\n<td>\u00c9tica Y Deontolog\u00eda de la Profesi\u00f3n Docente<\/td>\n<th><\/th>\n<\/tr>\n<tr>\n<td>4\u00ba<\/td>\n<td><\/td>\n<td>Inclusi\u00f3n Educativa<\/td>\n<th><\/th>\n<\/tr>\n<tr>\n<td>4\u00ba<\/td>\n<td><\/td>\n<td>Historia de la Cultura II<\/td>\n<th><\/th>\n<\/tr>\n<tr>\n<td>4\u00ba<\/td>\n<td><\/td>\n<td>Lengua Inglesa IV<\/td>\n<th><\/th>\n<\/tr>\n<tr>\n<td>4\u00ba<\/td>\n<td><\/td>\n<td>Literatura de la Lengua Inglesa II<\/td>\n<th><a href=\"https:\/\/drive.google.com\/file\/d\/1tFn7WO2_SREUbyMvXzYgiFj2K4wdkv3H\/view?usp=sharing\">https:\/\/drive.google.com\/file\/d\/1tFn7WO2_SREUbyMvXzYgiFj2K4wdkv3H\/view?usp=sharing<\/a>\u00a0 -A\u00f1o 2022<\/th>\n<\/tr>\n<tr>\n<td>4\u00ba<\/td>\n<td><\/td>\n<td>EDI<\/td>\n<th><\/th>\n<\/tr>\n<tr>\n<td>4\u00ba<\/td>\n<td><\/td>\n<td>An\u00e1lisis del Discurso<\/td>\n<th><\/th>\n<\/tr>\n<tr>\n<td>4\u00ba<\/td>\n<td><\/td>\n<td>Pr\u00e1ctica Docente IV: Residencia Pedag\u00f3gica en el Nivel Secundario<\/td>\n<th><\/th>\n<\/tr>\n<\/tbody>\n<\/table>\n","protected":false},"excerpt":{"rendered":"<p>Curso Profe Materia Programa 1\u00ba Prof. Ariel Mu\u00f1oz Pedagog\u00eda Programa 2020 Pedagog\u00eda Prof Mu\u00f1oz 1\u00ba Psicolog\u00eda Educacional 1\u00ba Prof. Natalia Autino Did\u00e1ctica General Programa 2020 Did\u00e1ctica General Prof Autino 1\u00ba Lectura y escritura acad\u00e9mica en Lengua Castellana 1\u00ba Prof. Miriam Mercado Prof. Paula Goytia Lengua Inglesa I PROGRAMA 2020 Lengua Inglesa I Prof Mercado 1\u00ba &#8230; <a title=\"Programa de cada Materia (Prof. Ingl\u00e9s)\" class=\"read-more\" href=\"https:\/\/pepm-sal.infd.edu.ar\/sitio\/programa-de-cada-materia-ingles\/\" aria-label=\"More on Programa de cada Materia (Prof. Ingl\u00e9s)\">[+]<\/a><\/p>\n","protected":false},"author":10,"featured_media":0,"parent":0,"menu_order":0,"comment_status":"closed","ping_status":"closed","template":"","meta":[],"acf":[],"_links":{"self":[{"href":"https:\/\/pepm-sal.infd.edu.ar\/sitio\/wp-json\/wp\/v2\/pages\/2146"}],"collection":[{"href":"https:\/\/pepm-sal.infd.edu.ar\/sitio\/wp-json\/wp\/v2\/pages"}],"about":[{"href":"https:\/\/pepm-sal.infd.edu.ar\/sitio\/wp-json\/wp\/v2\/types\/page"}],"author":[{"embeddable":true,"href":"https:\/\/pepm-sal.infd.edu.ar\/sitio\/wp-json\/wp\/v2\/users\/10"}],"replies":[{"embeddable":true,"href":"https:\/\/pepm-sal.infd.edu.ar\/sitio\/wp-json\/wp\/v2\/comments?post=2146"}],"version-history":[{"count":8,"href":"https:\/\/pepm-sal.infd.edu.ar\/sitio\/wp-json\/wp\/v2\/pages\/2146\/revisions"}],"predecessor-version":[{"id":3034,"href":"https:\/\/pepm-sal.infd.edu.ar\/sitio\/wp-json\/wp\/v2\/pages\/2146\/revisions\/3034"}],"wp:attachment":[{"href":"https:\/\/pepm-sal.infd.edu.ar\/sitio\/wp-json\/wp\/v2\/media?parent=2146"}],"curies":[{"name":"wp","href":"https:\/\/api.w.org\/{rel}","templated":true}]}}