{"id":2164,"date":"2020-08-06T13:59:39","date_gmt":"2020-08-06T16:59:39","guid":{"rendered":"https:\/\/pepm-sal.infd.edu.ar\/sitio\/?page_id=2164"},"modified":"2021-03-13T21:42:15","modified_gmt":"2021-03-14T00:42:15","slug":"formularios-educacion-fisica","status":"publish","type":"page","link":"https:\/\/pepm-sal.infd.edu.ar\/sitio\/formularios-educacion-fisica\/","title":{"rendered":"Formularios (Profesorado de Educaci\u00f3n F\u00edsica)"},"content":{"rendered":"<h2>RELEVAMIENTO DE INSCRIPCION (A COMPLETAR POR ALUMNOS DE 1 A\u00d1O)<\/h2>\n<h3><\/h3>\n<h2><\/h2>\n<p>&nbsp;<\/p>\n<h2><span style=\"color: #000000;\">RELEVAMIENTO DE REINSCRIPCION (A COMPLETAR POR ALUMNOS DE 2,3 Y 4 A\u00d1O)<\/span><\/h2>\n<h3><\/h3>\n<p>&nbsp;<\/p>\n<h2><\/h2>\n<p>&nbsp;<\/p>\n","protected":false},"excerpt":{"rendered":"<p>RELEVAMIENTO DE INSCRIPCION (A COMPLETAR POR ALUMNOS DE 1 A\u00d1O) &nbsp; RELEVAMIENTO DE REINSCRIPCION (A COMPLETAR POR ALUMNOS DE 2,3 Y 4 A\u00d1O) &nbsp; &nbsp;<\/p>\n","protected":false},"author":10,"featured_media":0,"parent":0,"menu_order":0,"comment_status":"closed","ping_status":"closed","template":"","meta":[],"acf":[],"_links":{"self":[{"href":"https:\/\/pepm-sal.infd.edu.ar\/sitio\/wp-json\/wp\/v2\/pages\/2164"}],"collection":[{"href":"https:\/\/pepm-sal.infd.edu.ar\/sitio\/wp-json\/wp\/v2\/pages"}],"about":[{"href":"https:\/\/pepm-sal.infd.edu.ar\/sitio\/wp-json\/wp\/v2\/types\/page"}],"author":[{"embeddable":true,"href":"https:\/\/pepm-sal.infd.edu.ar\/sitio\/wp-json\/wp\/v2\/users\/10"}],"replies":[{"embeddable":true,"href":"https:\/\/pepm-sal.infd.edu.ar\/sitio\/wp-json\/wp\/v2\/comments?post=2164"}],"version-history":[{"count":27,"href":"https:\/\/pepm-sal.infd.edu.ar\/sitio\/wp-json\/wp\/v2\/pages\/2164\/revisions"}],"predecessor-version":[{"id":2384,"href":"https:\/\/pepm-sal.infd.edu.ar\/sitio\/wp-json\/wp\/v2\/pages\/2164\/revisions\/2384"}],"wp:attachment":[{"href":"https:\/\/pepm-sal.infd.edu.ar\/sitio\/wp-json\/wp\/v2\/media?parent=2164"}],"curies":[{"name":"wp","href":"https:\/\/api.w.org\/{rel}","templated":true}]}}