{"id":2781,"date":"2022-04-18T11:17:06","date_gmt":"2022-04-18T14:17:06","guid":{"rendered":"https:\/\/pepm-sal.infd.edu.ar\/sitio\/?page_id=2781"},"modified":"2022-05-30T20:32:31","modified_gmt":"2022-05-30T23:32:31","slug":"programa-de-cada-asignatura-educ-primaria","status":"publish","type":"page","link":"https:\/\/pepm-sal.infd.edu.ar\/sitio\/programa-de-cada-asignatura-educ-primaria\/","title":{"rendered":"Programa de cada Asignatura (Educ. Primaria)"},"content":{"rendered":"\n<figure class=\"wp-block-table\"><table><tbody><tr><td>Curso<\/td><td>Profesor\/a<\/td><td>Materia<\/td><td>Programa<\/td><\/tr><tr><td>1\u00b0 A\u00f1o<\/td><td>Salvo Gabriela (La Silleta)<br><br>Mu\u00f1oz Ariel (Rosario de Lerma)<\/td><td>Pedagog\u00eda<\/td><td><\/td><\/tr><tr><td>1\u00b0 A\u00f1o<\/td><td>Choque Biazutti Laura (La Silleta y Rosario de Lerma))<br><br><br><\/td><td>Lectura y Escritura Acad\u00e9mica<\/td><td><\/td><\/tr><tr><td>1\u00b0 A\u00f1o<\/td><td>Mu\u00f1oz Ariel (La Silleta)<br><br>Autino Natalia (Rosario de Lerma)<br><br><\/td><td>Did\u00e1ctica General<\/td><td><\/td><\/tr><tr><td>1\u00b0 A\u00f1o<\/td><td><\/td><td>Psicolog\u00eda Educacional<\/td><td><\/td><\/tr><tr><td>1\u00b0 A\u00f1o<\/td><td>Diaz Gladys (La Silleta)<br><br>Silva Noelia (Rosario de Lerma)<br><br><\/td><td>Matem\u00e1tica y su did\u00e1ctica I<\/td><td><br> <a href=\"https:\/\/drive.google.com\/file\/d\/1T89yRV07bcNbRYMVSA9oEH4TGIFXGoGA\/view?usp=sharing\">https:\/\/drive.google.com\/file\/d\/1T89yRV07bcNbRYMVSA9oEH4TGIFXGoGA\/view?usp=sharing<\/a> &#8211; La Silleta &#8211; A\u00f1o 2022<\/td><\/tr><tr><td>1\u00b0 A\u00f1o<\/td><td>Ana Rodr\u00edguez (La Silleta)<br><br>Choque Biazutti (Rosario de Lerma)<br><br><\/td><td>Lengua y Literatura y su did\u00e1ctica I<\/td><td><a href=\"https:\/\/pepm-sal.infd.edu.ar\/sitio\/wp-content\/uploads\/2022\/04\/Programa-Lengua-y-Literatura-y-su-didactica-I.-Prof-Ana-Rodriguez-ano-2022.docx\">Programa-Lengua-y-Literatura-y-su-did\u00e1ctica-I.-Prof-Ana-Rodr\u00edguez<\/a> &#8211; anexo La Silleta &#8211; A\u00f1o 2022<\/td><\/tr><tr><td>1\u00b0 A\u00f1o<\/td><td>Toscano Melqui (La Silleta)<br><br>Vera Rolando (Rosario de Lerma)<\/td><td>Ciencias Naturales y su did\u00e1ctica I<\/td><td><\/td><\/tr><tr><td>1\u00b0 A\u00f1o<\/td><td>Diaz Eliseo (La Silleta)<br><br>Carral Silvia (Rosario de Lerma)<br><\/td><td>Ciencias Sociales y su did\u00e1ctica I<\/td><td><\/td><\/tr><tr><td>1\u00b0 A\u00f1o<\/td><td>Yanes Adelma (La Silleta y Rosario de Lerma)<\/td><td>Pr\u00e1ctica Docente i: Contexto, Comunidad y Escuela<\/td><td><\/td><\/tr><\/tbody><\/table><\/figure>\n","protected":false},"excerpt":{"rendered":"<p>Curso Profesor\/a Materia Programa 1\u00b0 A\u00f1o Salvo Gabriela (La Silleta) Mu\u00f1oz Ariel (Rosario de Lerma) Pedagog\u00eda 1\u00b0 A\u00f1o Choque Biazutti Laura (La Silleta y Rosario de Lerma)) Lectura y Escritura Acad\u00e9mica 1\u00b0 A\u00f1o Mu\u00f1oz Ariel (La Silleta) Autino Natalia (Rosario de Lerma) Did\u00e1ctica General 1\u00b0 A\u00f1o Psicolog\u00eda Educacional 1\u00b0 A\u00f1o Diaz Gladys (La Silleta) Silva &#8230; <a title=\"Programa de cada Asignatura (Educ. Primaria)\" class=\"read-more\" href=\"https:\/\/pepm-sal.infd.edu.ar\/sitio\/programa-de-cada-asignatura-educ-primaria\/\" aria-label=\"More on Programa de cada Asignatura (Educ. Primaria)\">[+]<\/a><\/p>\n","protected":false},"author":10,"featured_media":0,"parent":0,"menu_order":0,"comment_status":"closed","ping_status":"closed","template":"","meta":[],"acf":[],"_links":{"self":[{"href":"https:\/\/pepm-sal.infd.edu.ar\/sitio\/wp-json\/wp\/v2\/pages\/2781"}],"collection":[{"href":"https:\/\/pepm-sal.infd.edu.ar\/sitio\/wp-json\/wp\/v2\/pages"}],"about":[{"href":"https:\/\/pepm-sal.infd.edu.ar\/sitio\/wp-json\/wp\/v2\/types\/page"}],"author":[{"embeddable":true,"href":"https:\/\/pepm-sal.infd.edu.ar\/sitio\/wp-json\/wp\/v2\/users\/10"}],"replies":[{"embeddable":true,"href":"https:\/\/pepm-sal.infd.edu.ar\/sitio\/wp-json\/wp\/v2\/comments?post=2781"}],"version-history":[{"count":14,"href":"https:\/\/pepm-sal.infd.edu.ar\/sitio\/wp-json\/wp\/v2\/pages\/2781\/revisions"}],"predecessor-version":[{"id":2937,"href":"https:\/\/pepm-sal.infd.edu.ar\/sitio\/wp-json\/wp\/v2\/pages\/2781\/revisions\/2937"}],"wp:attachment":[{"href":"https:\/\/pepm-sal.infd.edu.ar\/sitio\/wp-json\/wp\/v2\/media?parent=2781"}],"curies":[{"name":"wp","href":"https:\/\/api.w.org\/{rel}","templated":true}]}}