{"id":2802,"date":"2022-04-18T11:50:38","date_gmt":"2022-04-18T14:50:38","guid":{"rendered":"https:\/\/pepm-sal.infd.edu.ar\/sitio\/?page_id=2802"},"modified":"2022-04-18T11:53:35","modified_gmt":"2022-04-18T14:53:35","slug":"plan-de-estudios-educ-primaria","status":"publish","type":"page","link":"https:\/\/pepm-sal.infd.edu.ar\/sitio\/plan-de-estudios-educ-primaria\/","title":{"rendered":"Plan de Estudios  (Educ. Primaria)"},"content":{"rendered":"\n<p>Resoluci\u00f3n 1229\/19<\/p>\n\n\n\n<p><a href=\"https:\/\/drive.google.com\/file\/d\/1d6Tsaeav6Tife2QJes-ncSk4T2xkLqM_\/view?usp=sharing\">https:\/\/drive.google.com\/file\/d\/1d6Tsaeav6Tife2QJes-ncSk4T2xkLqM_\/view?usp=sharing<\/a><\/p>\n\n\n\n<p>Caja Curricular &#8211; Resoluci\u00f3n 1229 -19<\/p>\n\n\n\n<div class=\"wp-block-file\"><a href=\"https:\/\/pepm-sal.infd.edu.ar\/sitio\/wp-content\/uploads\/2022\/03\/Caja-curricular-PEP-Res.-1229-19.pdf\">Caja-curricular-PEP-Res.-1229-19<\/a><a href=\"https:\/\/pepm-sal.infd.edu.ar\/sitio\/wp-content\/uploads\/2022\/03\/Caja-curricular-PEP-Res.-1229-19.pdf\" class=\"wp-block-file__button\" download>Descarga<\/a><\/div>\n\n\n\n<p>R\u00e9gimen de Correlatividades &#8211; Plan Resoluci\u00f3n 1229 -19<\/p>\n\n\n\n<div class=\"wp-block-file\"><a href=\"https:\/\/pepm-sal.infd.edu.ar\/sitio\/wp-content\/uploads\/2022\/03\/Regimen-de-correlatividades-PRIMARIA.pdf\">Regimen-de-correlatividades- Resol. 1229-19<\/a><a href=\"https:\/\/pepm-sal.infd.edu.ar\/sitio\/wp-content\/uploads\/2022\/03\/Regimen-de-correlatividades-PRIMARIA.pdf\" class=\"wp-block-file__button\" download>Descarga<\/a><\/div>\n\n\n\n<p>Tabla de Equivalencias<\/p>\n\n\n\n<div class=\"wp-block-file\"><a href=\"https:\/\/pepm-sal.infd.edu.ar\/sitio\/wp-content\/uploads\/2022\/03\/Tabla-de-Equivalencias-PRIMARIA.pdf\">Tabla-de-Equivalencias<\/a><a href=\"https:\/\/pepm-sal.infd.edu.ar\/sitio\/wp-content\/uploads\/2022\/03\/Tabla-de-Equivalencias-PRIMARIA.pdf\" class=\"wp-block-file__button\" download>Descarga<\/a><\/div>\n\n\n\n<p><\/p>\n","protected":false},"excerpt":{"rendered":"<p>Resoluci\u00f3n 1229\/19 https:\/\/drive.google.com\/file\/d\/1d6Tsaeav6Tife2QJes-ncSk4T2xkLqM_\/view?usp=sharing Caja Curricular &#8211; Resoluci\u00f3n 1229 -19 R\u00e9gimen de Correlatividades &#8211; Plan Resoluci\u00f3n 1229 -19 Tabla de Equivalencias<\/p>\n","protected":false},"author":10,"featured_media":0,"parent":0,"menu_order":0,"comment_status":"closed","ping_status":"closed","template":"","meta":[],"acf":[],"_links":{"self":[{"href":"https:\/\/pepm-sal.infd.edu.ar\/sitio\/wp-json\/wp\/v2\/pages\/2802"}],"collection":[{"href":"https:\/\/pepm-sal.infd.edu.ar\/sitio\/wp-json\/wp\/v2\/pages"}],"about":[{"href":"https:\/\/pepm-sal.infd.edu.ar\/sitio\/wp-json\/wp\/v2\/types\/page"}],"author":[{"embeddable":true,"href":"https:\/\/pepm-sal.infd.edu.ar\/sitio\/wp-json\/wp\/v2\/users\/10"}],"replies":[{"embeddable":true,"href":"https:\/\/pepm-sal.infd.edu.ar\/sitio\/wp-json\/wp\/v2\/comments?post=2802"}],"version-history":[{"count":2,"href":"https:\/\/pepm-sal.infd.edu.ar\/sitio\/wp-json\/wp\/v2\/pages\/2802\/revisions"}],"predecessor-version":[{"id":2804,"href":"https:\/\/pepm-sal.infd.edu.ar\/sitio\/wp-json\/wp\/v2\/pages\/2802\/revisions\/2804"}],"wp:attachment":[{"href":"https:\/\/pepm-sal.infd.edu.ar\/sitio\/wp-json\/wp\/v2\/media?parent=2802"}],"curies":[{"name":"wp","href":"https:\/\/api.w.org\/{rel}","templated":true}]}}