{"id":719,"date":"2018-08-31T15:17:52","date_gmt":"2018-08-31T18:17:52","guid":{"rendered":"https:\/\/pepm-sal.infd.edu.ar\/sitio\/tecnico-superior-en-higiene-y-seguridad-en-el-trabajo\/"},"modified":"2021-12-17T19:57:19","modified_gmt":"2021-12-17T22:57:19","slug":"tecnico-superior-en-higiene-y-seguridad-en-el-trabajo","status":"publish","type":"page","link":"https:\/\/pepm-sal.infd.edu.ar\/sitio\/tecnico-superior-en-higiene-y-seguridad-en-el-trabajo\/","title":{"rendered":"Tecnicatura Superior en Higiene y Seguridad en el Trabajo."},"content":{"rendered":"<p>&nbsp;<\/p>\n<ul>\n<li><span style=\"font-size: 12pt; font-family: 'book antiqua', palatino;\">T\u00edtulo oficial:&nbsp;<strong>T\u00e9cnico Superior en Seguridad e Higiene en el Trabajo.<\/strong><\/span><\/li>\n<li><span style=\"font-size: 12pt; font-family: 'book antiqua', palatino;\">Duraci\u00f3n:&nbsp;<strong>3 a\u00f1os<\/strong><\/span><\/li>\n<li><span style=\"font-size: 12pt; font-family: 'book antiqua', palatino;\">Modalidad:&nbsp;<strong>Presencial<\/strong><\/span><\/li>\n<\/ul>\n<p>&nbsp;<\/p>\n<h2><span style=\"font-size: 12pt; font-family: 'book antiqua', palatino;\">Objetivo de la carrera<\/span><\/h2>\n<p><span style=\"font-size: 12pt; font-family: 'book antiqua', palatino;\">Formar un profesional capacitado que pueda actuar de manera eficiente en la prevenci\u00f3n de accidentes laborales y el mejoramiento continuo de las condiciones de trabajo.<a id=\"porque\" name=\"porque\"><\/a><\/span><\/p>\n<h2><span style=\"font-size: 12pt; font-family: 'book antiqua', palatino;\">Por qu\u00e9 estudiar esta carrera<\/span><\/h2>\n<p><span style=\"font-size: 12pt; font-family: 'book antiqua', palatino;\">Porque en una carrera de solamente 3 a\u00f1os de duraci\u00f3n podr\u00e1s formarte como un profesional capacitado en Seguridad e Higiene Laboral e Industrial,&nbsp;de alta demanda laboral, y obtener un t\u00edtulo oficial habilitante para desempe\u00f1arte en esta funci\u00f3n.<\/span><\/p>\n<p><span style=\"font-size: 12pt; font-family: 'book antiqua', palatino;\">El profesional de Seguridad e Higiene&nbsp;cumple una funci\u00f3n clave y de vital importancia en una organizaci\u00f3n&nbsp;ya que debe implementar acciones que eviten accidentes laborales y enfermedades profesionales, de alto costo e impacto para las personas y las organizaciones.<\/span><\/p>\n<p><span style=\"font-size: 12pt; font-family: 'book antiqua', palatino;\">Para esto debe comprender el comportamiento humano y conocer los procesos que se desarrollan en la empresa a fin de implementar medidas de prevenci\u00f3n eficaces.<a id=\"enque\" name=\"enque\"><\/a><\/span><\/p>\n<h2><span style=\"font-size: 12pt; font-family: 'book antiqua', palatino;\">En qu\u00e9 te capacitar\u00e1 esta carrera<\/span><\/h2>\n<p><span style=\"font-size: 12pt; font-family: 'book antiqua', palatino;\">Te capacitar\u00e1 para participar en la implementaci\u00f3n eficaz de sistemas de gesti\u00f3n de la seguridad y la higiene en ambientes laborales, lo cual incluye varias funciones muy atractivas y desafiantes:<\/span><\/p>\n<ul>\n<li><span style=\"font-size: 12pt; font-family: 'book antiqua', palatino;\">Promover la prevenci\u00f3n de accidentes y enfermedades profesionales.<\/span><\/li>\n<li><span style=\"font-size: 12pt; font-family: 'book antiqua', palatino;\">Promover m\u00e9todos m\u00e1s seguros e higi\u00e9nicos de trabajo.<\/span><\/li>\n<li><span style=\"font-size: 12pt; font-family: 'book antiqua', palatino;\">Supervisar el cumplimiento de normas de higiene y seguridad en el trabajo.<\/span><\/li>\n<li><span style=\"font-size: 12pt; font-family: 'book antiqua', palatino;\">Asistir y asesorar al responsable del servicio de Higiene y Seguridad en el Trabajo.<\/span><\/li>\n<li><span style=\"font-size: 12pt; font-family: 'book antiqua', palatino;\">Administrar la pol\u00edtica de la empresa en lo referente a seguridad, higiene en el trabajo.<\/span><\/li>\n<li><span style=\"font-size: 12pt; font-family: 'book antiqua', palatino;\">Supervisar el cumplimiento de las medidas de control.<\/span><\/li>\n<li><span style=\"font-size: 12pt; font-family: 'book antiqua', palatino;\">Elaborar e interpretar documentaci\u00f3n t\u00e9cnica correspondiente a sus funciones.<\/span><\/li>\n<li><span style=\"font-size: 12pt; font-family: 'book antiqua', palatino;\">Preparar informes y mantener estad\u00edsticas.<\/span><\/li>\n<\/ul>\n<p><span style=\"font-size: 12pt; font-family: 'book antiqua', palatino;\">Tambi\u00e9n aprender\u00e1s&nbsp;t\u00e9cnicas y estrategias did\u00e1cticas de capacitaci\u00f3n&nbsp;para ense\u00f1ar a las personas c\u00f3mo cuidarse y cuidar el ambiente laboral.<\/span><\/p>\n<p><span style=\"font-size: 12pt; font-family: 'book antiqua', palatino;\">Adem\u00e1s incorporar\u00e1s conocimientos sobre organizaci\u00f3n de la empresa, relaciones humanas, psicolog\u00eda laboral, medicina industrial y ergonom\u00eda que&nbsp;te preparar\u00e1n como un profesional completo.<\/span><\/p>\n<p><span style=\"font-size: 12pt; font-family: 'book antiqua', palatino;\">Y en el \u00faltimo a\u00f1o desarrollar\u00e1s un&nbsp;proyecto integrador&nbsp;de todos los conocimientos adquiridos.<a id=\"donde\" name=\"donde\"><\/a><\/span><\/p>\n<h2><span style=\"font-size: 12pt; font-family: 'book antiqua', palatino;\">D\u00f3nde podr\u00e1s desempe\u00f1arte<\/span><\/h2>\n<p><span style=\"font-size: 12pt; font-family: 'book antiqua', palatino;\">En un amplio rango de organizaciones de todo tipo, rubro de actividad y tama\u00f1o, como industrias, laboratorios y oficinas. Todas las empresas tienen riesgos de accidentes y enfermedades laborales.<\/span><\/p>\n<p><span style=\"font-size: 12pt; font-family: 'book antiqua', palatino;\">Concretamente, podr\u00e1s desempe\u00f1arte:<\/span><\/p>\n<ul>\n<li><span style=\"font-size: 12pt; font-family: 'book antiqua', palatino;\">En el \u00e1rea de Seguridad e Higiene Laboral o Industrial de empresas privadas nacionales, internacionales y multinacionales y organismos gubernamentales.<\/span><\/li>\n<li><span style=\"font-size: 12pt; font-family: 'book antiqua', palatino;\">En la actividad independiente, como consultor o asesor de empresas.<\/span><\/li>\n<li><span style=\"font-size: 12pt; font-family: 'book antiqua', palatino;\">Como docente o instructor en actividades de capacitaci\u00f3n vinculados a la disciplina.<\/span><\/li>\n<\/ul>\n<p>&nbsp;<\/p>\n<p><strong><span style=\"font-family: 'book antiqua', palatino; font-size: 12pt;\">Resoluci\u00f3n Ministerial 3779\/09&nbsp;<\/span><\/strong><\/p>\n<p><a style=\"font-family: 'book antiqua', palatino; font-size: 12pt;\" title=\"Res. 3779 Tecnicatura Superior en Higiene y Seguridad en el Trabajo\" href=\"http:\/\/dges.sal.infd.edu.ar\/sitio\/upload\/Res.%203779%20HyS.pdf\" target=\"_blank\" rel=\"noopener\">Tecnicatura Superior en Higiene y Seguridad en el Trabajo<\/a><\/p>\n<p><strong><span style=\"font-family: 'book antiqua', palatino; font-size: 12pt;\">Modificatoria parcial Resoluci\u00f3n 2122\/13<\/span><\/strong><\/p>\n<p><span style=\"font-family: 'book antiqua', palatino; font-size: 12pt;\"><a title=\"Res. 2122\" href=\"http:\/\/dges.sal.infd.edu.ar\/sitio\/upload\/Res._2122.pdf\" target=\"_blank\" rel=\"noopener\">Modificatoria parcial del plan de estudios de la &nbsp;Tecnicatura Superior en Higiene y Seguridad en el trabajo aprobado por Res. 3779\/09<\/a><\/span><\/p>\n<p><span style=\"font-family: 'book antiqua', palatino; font-size: 12pt;\">&nbsp;<\/span><\/p>\n<p><span style=\"font-family: 'book antiqua', palatino; font-size: 12pt;\">&nbsp;<\/span><\/p>\n<p>&nbsp;<\/p>\n","protected":false},"excerpt":{"rendered":"<p>&nbsp; T\u00edtulo oficial:&nbsp;T\u00e9cnico Superior en Seguridad e Higiene en el Trabajo. Duraci\u00f3n:&nbsp;3 a\u00f1os Modalidad:&nbsp;Presencial &nbsp; Objetivo de la carrera Formar un profesional capacitado que pueda actuar de manera eficiente en la prevenci\u00f3n de accidentes laborales y el mejoramiento continuo de las condiciones de trabajo. Por qu\u00e9 estudiar esta carrera Porque en una carrera de solamente &#8230; <a title=\"Tecnicatura Superior en Higiene y Seguridad en el Trabajo.\" class=\"read-more\" href=\"https:\/\/pepm-sal.infd.edu.ar\/sitio\/tecnico-superior-en-higiene-y-seguridad-en-el-trabajo\/\" aria-label=\"More on Tecnicatura Superior en Higiene y Seguridad en el Trabajo.\">[+]<\/a><\/p>\n","protected":false},"author":347,"featured_media":0,"parent":0,"menu_order":0,"comment_status":"closed","ping_status":"closed","template":"","meta":[],"acf":[],"_links":{"self":[{"href":"https:\/\/pepm-sal.infd.edu.ar\/sitio\/wp-json\/wp\/v2\/pages\/719"}],"collection":[{"href":"https:\/\/pepm-sal.infd.edu.ar\/sitio\/wp-json\/wp\/v2\/pages"}],"about":[{"href":"https:\/\/pepm-sal.infd.edu.ar\/sitio\/wp-json\/wp\/v2\/types\/page"}],"author":[{"embeddable":true,"href":"https:\/\/pepm-sal.infd.edu.ar\/sitio\/wp-json\/wp\/v2\/users\/347"}],"replies":[{"embeddable":true,"href":"https:\/\/pepm-sal.infd.edu.ar\/sitio\/wp-json\/wp\/v2\/comments?post=719"}],"version-history":[{"count":1,"href":"https:\/\/pepm-sal.infd.edu.ar\/sitio\/wp-json\/wp\/v2\/pages\/719\/revisions"}],"predecessor-version":[{"id":2711,"href":"https:\/\/pepm-sal.infd.edu.ar\/sitio\/wp-json\/wp\/v2\/pages\/719\/revisions\/2711"}],"wp:attachment":[{"href":"https:\/\/pepm-sal.infd.edu.ar\/sitio\/wp-json\/wp\/v2\/media?parent=719"}],"curies":[{"name":"wp","href":"https:\/\/api.w.org\/{rel}","templated":true}]}}