{"id":755,"date":"2018-08-31T15:18:06","date_gmt":"2018-08-31T18:18:06","guid":{"rendered":"https:\/\/pepm-sal.infd.edu.ar\/sitio\/historia\/"},"modified":"2025-08-22T19:39:51","modified_gmt":"2025-08-22T22:39:51","slug":"historia","status":"publish","type":"page","link":"https:\/\/pepm-sal.infd.edu.ar\/sitio\/historia\/","title":{"rendered":"Historia"},"content":{"rendered":"<p><span style=\"font-family: verdana; font-size: 10pt;\">Esta Institucion de caracter estatal fue creado en Rosario de Lerma, ciudad de aproximadamente 40.000 habitantes, con el objeto de brindar capacitaci\u00f3n y contenci\u00f3n a la juventud de los valles de Lerma, los cuales no contaban con una instituci\u00f3n de esas caracteristicas, debiendo recorrer grandes distancias para capacitarse.<\/span><\/p>\n","protected":false},"excerpt":{"rendered":"<p>Esta Institucion de caracter estatal fue creado en Rosario de Lerma, ciudad de aproximadamente 40.000 habitantes, con el objeto de brindar capacitaci\u00f3n y contenci\u00f3n a la juventud de los valles de Lerma, los cuales no contaban con una instituci\u00f3n de esas caracteristicas, debiendo recorrer grandes distancias para capacitarse.<\/p>\n","protected":false},"author":347,"featured_media":0,"parent":0,"menu_order":0,"comment_status":"closed","ping_status":"closed","template":"","meta":[],"acf":[],"_links":{"self":[{"href":"https:\/\/pepm-sal.infd.edu.ar\/sitio\/wp-json\/wp\/v2\/pages\/755"}],"collection":[{"href":"https:\/\/pepm-sal.infd.edu.ar\/sitio\/wp-json\/wp\/v2\/pages"}],"about":[{"href":"https:\/\/pepm-sal.infd.edu.ar\/sitio\/wp-json\/wp\/v2\/types\/page"}],"author":[{"embeddable":true,"href":"https:\/\/pepm-sal.infd.edu.ar\/sitio\/wp-json\/wp\/v2\/users\/347"}],"replies":[{"embeddable":true,"href":"https:\/\/pepm-sal.infd.edu.ar\/sitio\/wp-json\/wp\/v2\/comments?post=755"}],"version-history":[{"count":1,"href":"https:\/\/pepm-sal.infd.edu.ar\/sitio\/wp-json\/wp\/v2\/pages\/755\/revisions"}],"predecessor-version":[{"id":3089,"href":"https:\/\/pepm-sal.infd.edu.ar\/sitio\/wp-json\/wp\/v2\/pages\/755\/revisions\/3089"}],"wp:attachment":[{"href":"https:\/\/pepm-sal.infd.edu.ar\/sitio\/wp-json\/wp\/v2\/media?parent=755"}],"curies":[{"name":"wp","href":"https:\/\/api.w.org\/{rel}","templated":true}]}}